{"id":685,"date":"2022-07-04T13:48:19","date_gmt":"2022-07-04T13:48:19","guid":{"rendered":"http:\/\/tplabs.co\/agrios\/?page_id=685"},"modified":"2024-06-25T04:21:15","modified_gmt":"2024-06-25T04:21:15","slug":"projects","status":"publish","type":"page","link":"https:\/\/globalessencefund.com\/index.php\/projects\/","title":{"rendered":"Projects"},"content":{"rendered":"\t\t<div data-elementor-type=\"wp-page\" data-elementor-id=\"685\" class=\"elementor elementor-685\">\n\t\t\t\t\t\t<section class=\"elementor-section elementor-top-section elementor-element elementor-element-c785771 elementor-section-boxed elementor-section-height-default elementor-section-height-default\" data-id=\"c785771\" data-element_type=\"section\">\n\t\t\t\t\t\t<div class=\"elementor-container elementor-column-gap-default\">\n\t\t\t\t\t<div class=\"elementor-column elementor-col-100 elementor-top-column elementor-element elementor-element-c4b5b3d\" data-id=\"c4b5b3d\" data-element_type=\"column\">\n\t\t\t<div class=\"elementor-widget-wrap elementor-element-populated\">\n\t\t\t\t\t\t<div class=\"elementor-element elementor-element-8b58ff9 heading-default elementor-widget elementor-widget-mae-headings\" data-id=\"8b58ff9\" data-element_type=\"widget\" data-widget_type=\"mae-headings.default\">\n\t\t\t\t<div class=\"elementor-widget-container\">\n\t\t\t\t\t\t\t<div class=\"master-heading sep-none\">\n\t\t\t\t        \t        \t<div class=\"pre-heading\"><span class=\"line\"><span class=\"inner\"><\/span><\/span>Community Building<\/div>\n\t        \n\t        \n\t        \t        <h2 class=\"main-heading\">Projects underway<\/h2>\n\t        \n\t        \n\t        \t            <div class=\"sub-heading\">The following projects are just the beginning on how we will revolutionize  industrial hemp fiber. We would like to invite you to visit each project and join our community. <\/div>\n\t        \t    <\/div>\n\t    \t\t\t\t<\/div>\n\t\t\t\t<\/div>\n\t\t\t\t<div class=\"elementor-element elementor-element-aeb6ad5 elementor-widget elementor-widget-mae-project-grid\" data-id=\"aeb6ad5\" data-element_type=\"widget\" data-widget_type=\"mae-project-grid.default\">\n\t\t\t\t<div class=\"elementor-widget-container\">\n\t\t\t\t\t\n        <div class=\"master-portfolio\" data-config='{\"columns\":3,\"columnsTablet\":2,\"columnsMobile\":1,\"gapHorizontal\":30,\"gapVertical\":30,\"layoutMode\":\"grid\"}'>\n            <div class=\"galleries cbp\">\n                                    \n                        <div class=\"cbp-item\">\n                            <div class=\"master-project\">\n                                <a class=\"thumb\" href=\"https:\/\/globalessencefund.com\/index.php\/es\/project\/micro-farming-organico\/\" aria-label=\"Micro Farming \u00d3rganico\"><span class=\"inner\"><img fetchpriority=\"high\" decoding=\"async\" width=\"370\" height=\"570\" src=\"https:\/\/globalessencefund.com\/wp-content\/uploads\/2024\/06\/projects-05-370x570.jpg\" class=\"attachment-mae-std3 size-mae-std3 wp-post-image\" alt=\"\" \/><\/span><\/a><div class=\"content-wrap\"><h3 class=\"headline-2\"><a href=\"https:\/\/globalessencefund.com\/index.php\/es\/project\/micro-farming-organico\/\">Micro Farming \u00d3rganico<\/a><\/h3><div class=\"desc\"><div class=\"inner\">Necesitamos recuperar la agricultura a peque\u00f1a escala. Lamentablemente, Puerto Rico enfrenta graves problemas de seguridad alimentaria, ya que la isla produce solo el 17,65% de los alimentos que consume e importa m\u00e1s del 82% de m\u00e1s de 10 pa\u00edses diferentes.<br\/><br\/><\/div><\/div>        <a aria-label=\"button\" class=\"arrow\" href=\"https:\/\/globalessencefund.com\/index.php\/es\/project\/micro-farming-organico\/\">\n            <i aria-hidden=\"true\" class=\"ci-right-arrow2\"><\/i>        <\/a>\n        <\/div>        <a aria-label=\"button\" class=\"arrow\" href=\"https:\/\/globalessencefund.com\/index.php\/es\/project\/micro-farming-organico\/\">\n            <i aria-hidden=\"true\" class=\"ci-right-arrow2\"><\/i>        <\/a>\n                                    <\/div>\n                        <\/div>\n                    \n                        <div class=\"cbp-item\">\n                            <div class=\"master-project\">\n                                <a class=\"thumb\" href=\"https:\/\/globalessencefund.com\/index.php\/es\/project\/suministro-de-semillas-a-los-granjeros\/\" aria-label=\"Suministro de Semillas a los Granjeros\"><span class=\"inner\"><img decoding=\"async\" width=\"370\" height=\"570\" src=\"https:\/\/globalessencefund.com\/wp-content\/uploads\/2024\/06\/project-images-6-dark-370x570.png\" class=\"attachment-mae-std3 size-mae-std3 wp-post-image\" alt=\"\" \/><\/span><\/a><div class=\"content-wrap\"><h3 class=\"headline-2\"><a href=\"https:\/\/globalessencefund.com\/index.php\/es\/project\/suministro-de-semillas-a-los-granjeros\/\">Suministro de Semillas a los Granjeros<\/a><\/h3><div class=\"desc\"><div class=\"inner\">Estamos finalizando un plan de apoyo integral y acuerdos que los agricultores deber\u00e1n firmar para recibir nuestra variedad probada y aprobada de semillas de c\u00e1\u00f1amo industrial.<br\/><br\/><br\/><\/div><\/div>        <a aria-label=\"button\" class=\"arrow\" href=\"https:\/\/globalessencefund.com\/index.php\/es\/project\/suministro-de-semillas-a-los-granjeros\/\">\n            <i aria-hidden=\"true\" class=\"ci-right-arrow2\"><\/i>        <\/a>\n        <\/div>        <a aria-label=\"button\" class=\"arrow\" href=\"https:\/\/globalessencefund.com\/index.php\/es\/project\/suministro-de-semillas-a-los-granjeros\/\">\n            <i aria-hidden=\"true\" class=\"ci-right-arrow2\"><\/i>        <\/a>\n                                    <\/div>\n                        <\/div>\n                    \n                        <div class=\"cbp-item\">\n                            <div class=\"master-project\">\n                                <a class=\"thumb\" href=\"https:\/\/globalessencefund.com\/index.php\/es\/project\/investigacion-en-conjunto-con-la-upr-mayaguez\/\" aria-label=\"Investigaci\u00f3n en Conjunto con la UPR Mayaguez\"><span class=\"inner\"><img decoding=\"async\" width=\"370\" height=\"570\" src=\"https:\/\/globalessencefund.com\/wp-content\/uploads\/2022\/07\/pic-18-370x570.jpg\" class=\"attachment-mae-std3 size-mae-std3 wp-post-image\" alt=\"\" \/><\/span><\/a><div class=\"content-wrap\"><h3 class=\"headline-2\"><a href=\"https:\/\/globalessencefund.com\/index.php\/es\/project\/investigacion-en-conjunto-con-la-upr-mayaguez\/\">Investigaci\u00f3n en Conjunto con la UPR Mayaguez<\/a><\/h3><div class=\"desc\"><div class=\"inner\"><p>Actualmente estamos negociando las disposiciones de un proyecto de investigaci\u00f3n y finalizando un Memorando de Entendimiento con el Departamento de Agricultura de la Universidad de Puerto Rico\u2014Mayag\u00fcez.<\/p><\/div><\/div>        <a aria-label=\"button\" class=\"arrow\" href=\"https:\/\/globalessencefund.com\/index.php\/es\/project\/investigacion-en-conjunto-con-la-upr-mayaguez\/\">\n            <i aria-hidden=\"true\" class=\"ci-right-arrow2\"><\/i>        <\/a>\n        <\/div>        <a aria-label=\"button\" class=\"arrow\" href=\"https:\/\/globalessencefund.com\/index.php\/es\/project\/investigacion-en-conjunto-con-la-upr-mayaguez\/\">\n            <i aria-hidden=\"true\" class=\"ci-right-arrow2\"><\/i>        <\/a>\n                                    <\/div>\n                        <\/div>\n                    \n                        <div class=\"cbp-item\">\n                            <div class=\"master-project\">\n                                <a class=\"thumb\" href=\"https:\/\/globalessencefund.com\/index.php\/es\/project\/importar-semillas-de-canamo\/\" aria-label=\"Importar Semillas de C\u00e1\u00f1amo\"><span class=\"inner\"><img loading=\"lazy\" decoding=\"async\" width=\"370\" height=\"570\" src=\"https:\/\/globalessencefund.com\/wp-content\/uploads\/2022\/07\/hemp-seeds-in-a-bowl-370x570.jpg\" class=\"attachment-mae-std3 size-mae-std3 wp-post-image\" alt=\"\" \/><\/span><\/a><div class=\"content-wrap\"><h3 class=\"headline-2\"><a href=\"https:\/\/globalessencefund.com\/index.php\/es\/project\/importar-semillas-de-canamo\/\">Importar Semillas de C\u00e1\u00f1amo<\/a><\/h3><div class=\"desc\"><div class=\"inner\">Hemos preseleccionado y seleccionado cinco variedades de semillas de fibra de c\u00e1\u00f1amo para investigaci\u00f3n en las condiciones de cultivo de Puerto Rico<br\/><br\/><br\/><br\/><br\/><\/div><\/div>        <a aria-label=\"button\" class=\"arrow\" href=\"https:\/\/globalessencefund.com\/index.php\/es\/project\/importar-semillas-de-canamo\/\">\n            <i aria-hidden=\"true\" class=\"ci-right-arrow2\"><\/i>        <\/a>\n        <\/div>        <a aria-label=\"button\" class=\"arrow\" href=\"https:\/\/globalessencefund.com\/index.php\/es\/project\/importar-semillas-de-canamo\/\">\n            <i aria-hidden=\"true\" class=\"ci-right-arrow2\"><\/i>        <\/a>\n                                    <\/div>\n                        <\/div>\n                    \n                        <div class=\"cbp-item\">\n                            <div class=\"master-project\">\n                                <a class=\"thumb\" href=\"https:\/\/globalessencefund.com\/index.php\/project\/easy-harvesting\/\" aria-label=\"Importing Hemp Seeds\"><span class=\"inner\"><img loading=\"lazy\" decoding=\"async\" width=\"370\" height=\"570\" src=\"https:\/\/globalessencefund.com\/wp-content\/uploads\/2022\/07\/hemp-seeds-in-a-bowl-370x570.jpg\" class=\"attachment-mae-std3 size-mae-std3 wp-post-image\" alt=\"\" \/><\/span><\/a><div class=\"content-wrap\"><h3 class=\"headline-2\"><a href=\"https:\/\/globalessencefund.com\/index.php\/project\/easy-harvesting\/\">Importing Hemp Seeds<\/a><\/h3><div class=\"desc\"><div class=\"inner\"><p>We have pre-screened and selected five hemp fiber seed varieties for research under Puerto Rico's growing conditions<\/p><p>\u00a0<\/p><p>\u00a0<\/p><\/div><\/div>        <a aria-label=\"button\" class=\"arrow\" href=\"https:\/\/globalessencefund.com\/index.php\/project\/easy-harvesting\/\">\n            <i aria-hidden=\"true\" class=\"ci-right-arrow2\"><\/i>        <\/a>\n        <\/div>        <a aria-label=\"button\" class=\"arrow\" href=\"https:\/\/globalessencefund.com\/index.php\/project\/easy-harvesting\/\">\n            <i aria-hidden=\"true\" class=\"ci-right-arrow2\"><\/i>        <\/a>\n                                    <\/div>\n                        <\/div>\n                    \n                        <div class=\"cbp-item\">\n                            <div class=\"master-project\">\n                                <a class=\"thumb\" href=\"https:\/\/globalessencefund.com\/index.php\/project\/agriculture-farming\/\" aria-label=\"Joint Research with UPR Mayaguez\"><span class=\"inner\"><img decoding=\"async\" width=\"370\" height=\"570\" src=\"https:\/\/globalessencefund.com\/wp-content\/uploads\/2022\/07\/pic-18-370x570.jpg\" class=\"attachment-mae-std3 size-mae-std3 wp-post-image\" alt=\"\" \/><\/span><\/a><div class=\"content-wrap\"><h3 class=\"headline-2\"><a href=\"https:\/\/globalessencefund.com\/index.php\/project\/agriculture-farming\/\">Joint Research with UPR Mayaguez<\/a><\/h3><div class=\"desc\"><div class=\"inner\"><p>We are currently negotiating the provisions of a research project and finalizing a Memorandum of Understanding with the Department of Agriculture at the University of Puerto Rico\u2014Mayaguez<br \/><br \/><\/p><\/div><\/div>        <a aria-label=\"button\" class=\"arrow\" href=\"https:\/\/globalessencefund.com\/index.php\/project\/agriculture-farming\/\">\n            <i aria-hidden=\"true\" class=\"ci-right-arrow2\"><\/i>        <\/a>\n        <\/div>        <a aria-label=\"button\" class=\"arrow\" href=\"https:\/\/globalessencefund.com\/index.php\/project\/agriculture-farming\/\">\n            <i aria-hidden=\"true\" class=\"ci-right-arrow2\"><\/i>        <\/a>\n                                    <\/div>\n                        <\/div>\n                                <\/div><!-- galleries -->\n        <\/div><!-- master-portfolio -->\n        \t\t\t\t<\/div>\n\t\t\t\t<\/div>\n\t\t\t\t\t<\/div>\n\t\t<\/div>\n\t\t\t\t\t<\/div>\n\t\t<\/section>\n\t\t\t\t<\/div>\n\t\t\n    <div class=\"xs_social_share_widget xs_share_url after_content \t\tmain_content  wslu-style-1 wslu-share-box-shaped wslu-fill-colored wslu-none wslu-share-horizontal wslu-theme-font-no wslu-main_content\">\n\n\t\t\n        <ul>\n\t\t\t        <\/ul>\n    <\/div> \n","protected":false},"excerpt":{"rendered":"<p>Community Building Projects underway The following projects are just the beginning on how we will revolutionize industrial hemp fiber. We would like to invite you to visit each project and join our community. Importing Hemp Seeds We have pre-screened and selected five hemp fiber seed varieties for research under Puerto<\/p>\n","protected":false},"author":1,"featured_media":0,"parent":0,"menu_order":0,"comment_status":"closed","ping_status":"closed","template":"","meta":{"inline_featured_image":false,"footnotes":""},"class_list":["post-685","page","type-page","status-publish","hentry"],"_links":{"self":[{"href":"https:\/\/globalessencefund.com\/index.php\/wp-json\/wp\/v2\/pages\/685","targetHints":{"allow":["GET"]}}],"collection":[{"href":"https:\/\/globalessencefund.com\/index.php\/wp-json\/wp\/v2\/pages"}],"about":[{"href":"https:\/\/globalessencefund.com\/index.php\/wp-json\/wp\/v2\/types\/page"}],"author":[{"embeddable":true,"href":"https:\/\/globalessencefund.com\/index.php\/wp-json\/wp\/v2\/users\/1"}],"replies":[{"embeddable":true,"href":"https:\/\/globalessencefund.com\/index.php\/wp-json\/wp\/v2\/comments?post=685"}],"version-history":[{"count":18,"href":"https:\/\/globalessencefund.com\/index.php\/wp-json\/wp\/v2\/pages\/685\/revisions"}],"predecessor-version":[{"id":5554,"href":"https:\/\/globalessencefund.com\/index.php\/wp-json\/wp\/v2\/pages\/685\/revisions\/5554"}],"wp:attachment":[{"href":"https:\/\/globalessencefund.com\/index.php\/wp-json\/wp\/v2\/media?parent=685"}],"curies":[{"name":"wp","href":"https:\/\/api.w.org\/{rel}","templated":true}]}}