{"id":6047,"date":"2024-09-01T01:38:44","date_gmt":"2024-09-01T01:38:44","guid":{"rendered":"http:\/\/stg.einscompany.com\/globalessencefund.com\/wordpress\/?page_id=6047"},"modified":"2024-09-01T01:41:42","modified_gmt":"2024-09-01T01:41:42","slug":"politica-de-privacidad","status":"publish","type":"page","link":"https:\/\/globalessencefund.com\/index.php\/es\/politica-de-privacidad\/","title":{"rendered":"Pol\u00edtica de Privacidad"},"content":{"rendered":"\t\t<div data-elementor-type=\"wp-page\" data-elementor-id=\"6047\" class=\"elementor elementor-6047\">\n\t\t\t\t<div class=\"elementor-element elementor-element-11a8514 e-flex e-con-boxed e-con e-parent\" data-id=\"11a8514\" data-element_type=\"container\">\n\t\t\t\t\t<div class=\"e-con-inner\">\n\t\t\t\t<div class=\"elementor-element elementor-element-2ede75b heading-default elementor-widget elementor-widget-mae-headings\" data-id=\"2ede75b\" data-element_type=\"widget\" data-widget_type=\"mae-headings.default\">\n\t\t\t\t<div class=\"elementor-widget-container\">\n\t\t\t\t\t\t\t<div class=\"master-heading sep-none\">\n\t\t\t\t        \n\t        \n\t        \t        <h2 class=\"main-heading\">Pol\u00edtica de Privacidad<\/h2>\n\t        \n\t        \n\t        \t    <\/div>\n\t    \t\t\t\t<\/div>\n\t\t\t\t<\/div>\n\t\t\t\t\t<\/div>\n\t\t\t\t<\/div>\n\t\t<div class=\"elementor-element elementor-element-25996ad e-flex e-con-boxed e-con e-parent\" data-id=\"25996ad\" data-element_type=\"container\">\n\t\t\t\t\t<div class=\"e-con-inner\">\n\t\t\t\t<div class=\"elementor-element elementor-element-0edd6b7 icon-default elementor-widget elementor-widget-mae-text-box-grid\" data-id=\"0edd6b7\" data-element_type=\"widget\" data-widget_type=\"mae-text-box-grid.default\">\n\t\t\t\t<div class=\"elementor-widget-container\">\n\t\t\t\t\t\n\t\t<div class=\"master-text-box-grid grid-container\" data-active=\"none\">\n\t\t\t\t\t\t\t<div class=\"column elementor-repeater-item-596b06a\">\n\t\t\t\t\t<div class=\"master-text-box\">\n\t\t\t\t\t\t<h3 class=\"title\">\n\t\t\t\t\t\t\t\n\t\t\t\t\t\t\tIntroducci\u00f3n\t\t\t\t\t\t<\/h3>\n\t\t\t\t        \n\t\t\t\t        <div class=\"text\">Bienvenido al sitio web de Global Essence Fund (el \"Sitio web\"). Esta pol\u00edtica de privacidad explica c\u00f3mo recopilamos, usamos y protegemos su informaci\u00f3n cuando utiliza nuestro sitio web. Al utilizar este sitio web, usted acepta las pr\u00e1cticas descritas en esta pol\u00edtica.<\/div>\t\t\t\t    <\/div>\n\t\t\t\t<\/div>\n\t\t    \t\t\t\t<div class=\"column elementor-repeater-item-8f1ae75\">\n\t\t\t\t\t<div class=\"master-text-box\">\n\t\t\t\t\t\t<h3 class=\"title\">\n\t\t\t\t\t\t\t\n\t\t\t\t\t\t\tInformaci\u00f3n que recopilamos\t\t\t\t\t\t<\/h3>\n\t\t\t\t        \n\t\t\t\t        <div class=\"text\">Recopilamos la siguiente informaci\u00f3n a trav\u00e9s de nuestros formularios de contacto:\nNombre, direcci\u00f3n de correo electr\u00f3nico, contenido del mensaje.\nEsta informaci\u00f3n se almacena en nuestra base de datos con el fin de revisar y responder a sus consultas.<\/div>\t\t\t\t    <\/div>\n\t\t\t\t<\/div>\n\t\t    \t\t\t\t<div class=\"column elementor-repeater-item-438ed8e\">\n\t\t\t\t\t<div class=\"master-text-box\">\n\t\t\t\t\t\t<h3 class=\"title\">\n\t\t\t\t\t\t\t\n\t\t\t\t\t\t\tUso de la Informaci\u00f3n\t\t\t\t\t\t<\/h3>\n\t\t\t\t        \n\t\t\t\t        <div class=\"text\">La informaci\u00f3n que nos proporciona se utiliza para: <br\/>\nResponder a sus consultas y brindarle asistencia.<br\/>\nMejorar nuestros servicios y nuestro sitio web.<br\/>\n<br\/>\nGoogle Analytics <br\/>\nUtilizamos Google Analytics para rastrear y analizar el comportamiento de los usuarios en nuestro sitio web. Google Analytics recopila informaci\u00f3n como: <br\/>\n\nP\u00e1ginas visitadas<br\/>\nTiempo de permanencia en las p\u00e1ginas<br\/>\nTipo y versi\u00f3n del navegador<br\/>\nTipo de dispositivo<br\/>\nGoogle Analytics utiliza cookies para recopilar esta informaci\u00f3n. Las cookies son peque\u00f1os archivos de texto que se almacenan en su dispositivo para recopilar informaci\u00f3n est\u00e1ndar de registro de Internet e informaci\u00f3n sobre el comportamiento de los visitantes de forma an\u00f3nima. Esta informaci\u00f3n nos ayuda a comprender c\u00f3mo los visitantes utilizan nuestro sitio web y nos permite mejorarlo.<br\/><\/div>\t\t\t\t    <\/div>\n\t\t\t\t<\/div>\n\t\t    \t\t\t\t<div class=\"column elementor-repeater-item-e59df4e\">\n\t\t\t\t\t<div class=\"master-text-box\">\n\t\t\t\t\t\t<h3 class=\"title\">\n\t\t\t\t\t\t\t\n\t\t\t\t\t\t\tCookies\t\t\t\t\t\t<\/h3>\n\t\t\t\t        \n\t\t\t\t        <div class=\"text\">Nuestro sitio web utiliza cookies b\u00e1sicas para mejorar la experiencia del usuario. Las cookies nos ayudan a:\n\nRecordar sus preferencias\nComprender y guardar las preferencias del usuario para futuras visitas\nAl utilizar nuestro sitio web, usted acepta nuestro uso de cookies. Puede controlar y administrar las cookies a trav\u00e9s de la configuraci\u00f3n de su navegador.<\/div>\t\t\t\t    <\/div>\n\t\t\t\t<\/div>\n\t\t    \t\t\t\t<div class=\"column elementor-repeater-item-4506197\">\n\t\t\t\t\t<div class=\"master-text-box\">\n\t\t\t\t\t\t<h3 class=\"title\">\n\t\t\t\t\t\t\t\n\t\t\t\t\t\t\tSeguridad de los Datos\t\t\t\t\t\t<\/h3>\n\t\t\t\t        \n\t\t\t\t        <div class=\"text\">Nos comprometemos a garantizar la seguridad de su informaci\u00f3n. Hemos implementado procedimientos f\u00edsicos, electr\u00f3nicos y administrativos adecuados para salvaguardar y proteger la informaci\u00f3n que recopilamos en l\u00ednea.<\/div>\t\t\t\t    <\/div>\n\t\t\t\t<\/div>\n\t\t    \t\t\t\t<div class=\"column elementor-repeater-item-4a61c6c\">\n\t\t\t\t\t<div class=\"master-text-box\">\n\t\t\t\t\t\t<h3 class=\"title\">\n\t\t\t\t\t\t\t\n\t\t\t\t\t\t\tEnlaces de Terceros\t\t\t\t\t\t<\/h3>\n\t\t\t\t        \n\t\t\t\t        <div class=\"text\">Nuestro sitio web puede contener enlaces a otros sitios web de inter\u00e9s. Sin embargo, una vez que haya utilizado estos enlaces para abandonar nuestro sitio, debe tener en cuenta que no tenemos ning\u00fan control sobre esos otros sitios web. Por lo tanto, no podemos ser responsables de la protecci\u00f3n y privacidad de la informaci\u00f3n que proporcione al visitar dichos sitios, y dichos sitios no se rigen por esta declaraci\u00f3n de privacidad. Debe tener cuidado y consultar la declaraci\u00f3n de privacidad aplicable al sitio web en cuesti\u00f3n.<\/div>\t\t\t\t    <\/div>\n\t\t\t\t<\/div>\n\t\t    \t\t\t\t<div class=\"column elementor-repeater-item-6d5c1dc\">\n\t\t\t\t\t<div class=\"master-text-box\">\n\t\t\t\t\t\t<h3 class=\"title\">\n\t\t\t\t\t\t\t\n\t\t\t\t\t\t\tCambios a esta Pol\u00edtica de Privacidad\t\t\t\t\t\t<\/h3>\n\t\t\t\t        \n\t\t\t\t        <div class=\"text\">El sitio web de Global Essence Fund puede actualizar esta pol\u00edtica de privacidad de vez en cuando. Le notificaremos cualquier cambio publicando la nueva pol\u00edtica de privacidad en esta p\u00e1gina. Se recomienda revisar esta pol\u00edtica de privacidad peri\u00f3dicamente para conocer los cambios.<\/div>\t\t\t\t    <\/div>\n\t\t\t\t<\/div>\n\t\t    \t\t\t\t<div class=\"column elementor-repeater-item-b2d0b1a\">\n\t\t\t\t\t<div class=\"master-text-box\">\n\t\t\t\t\t\t<h3 class=\"title\">\n\t\t\t\t\t\t\t\n\t\t\t\t\t\t\tContacto\t\t\t\t\t\t<\/h3>\n\t\t\t\t        \n\t\t\t\t        <div class=\"text\">Si tiene alguna pregunta sobre esta pol\u00edtica de privacidad, cont\u00e1ctenos a hello@.\n<br \/>\nAl utilizar este sitio web, usted acepta los t\u00e9rminos de esta pol\u00edtica de privacidad.<\/div>\t\t\t\t    <\/div>\n\t\t\t\t<\/div>\n\t\t    \t\t<\/div>\n\t\t\t\t\t\t<\/div>\n\t\t\t\t<\/div>\n\t\t\t\t\t<\/div>\n\t\t\t\t<\/div>\n\t\t\t\t<\/div>\n\t\t\n    <div class=\"xs_social_share_widget xs_share_url after_content \t\tmain_content  wslu-style-1 wslu-share-box-shaped wslu-fill-colored wslu-none wslu-share-horizontal wslu-theme-font-no wslu-main_content\">\n\n\t\t\n        <ul>\n\t\t\t        <\/ul>\n    <\/div> \n","protected":false},"excerpt":{"rendered":"<p>Pol\u00edtica de Privacidad Introducci\u00f3n Bienvenido al sitio web de Global Essence Fund (el &#8220;Sitio web&#8221;). Esta pol\u00edtica de privacidad explica c\u00f3mo recopilamos, usamos y protegemos su informaci\u00f3n cuando utiliza nuestro sitio web. Al utilizar este sitio web, usted acepta las pr\u00e1cticas descritas en esta pol\u00edtica. Informaci\u00f3n que recopilamos Recopilamos la<\/p>\n","protected":false},"author":1,"featured_media":0,"parent":0,"menu_order":0,"comment_status":"closed","ping_status":"open","template":"","meta":{"inline_featured_image":false,"footnotes":""},"class_list":["post-6047","page","type-page","status-publish","hentry"],"_links":{"self":[{"href":"https:\/\/globalessencefund.com\/index.php\/wp-json\/wp\/v2\/pages\/6047","targetHints":{"allow":["GET"]}}],"collection":[{"href":"https:\/\/globalessencefund.com\/index.php\/wp-json\/wp\/v2\/pages"}],"about":[{"href":"https:\/\/globalessencefund.com\/index.php\/wp-json\/wp\/v2\/types\/page"}],"author":[{"embeddable":true,"href":"https:\/\/globalessencefund.com\/index.php\/wp-json\/wp\/v2\/users\/1"}],"replies":[{"embeddable":true,"href":"https:\/\/globalessencefund.com\/index.php\/wp-json\/wp\/v2\/comments?post=6047"}],"version-history":[{"count":4,"href":"https:\/\/globalessencefund.com\/index.php\/wp-json\/wp\/v2\/pages\/6047\/revisions"}],"predecessor-version":[{"id":6051,"href":"https:\/\/globalessencefund.com\/index.php\/wp-json\/wp\/v2\/pages\/6047\/revisions\/6051"}],"wp:attachment":[{"href":"https:\/\/globalessencefund.com\/index.php\/wp-json\/wp\/v2\/media?parent=6047"}],"curies":[{"name":"wp","href":"https:\/\/api.w.org\/{rel}","templated":true}]}}