{"id":6039,"date":"2024-09-01T01:34:04","date_gmt":"2024-09-01T01:34:04","guid":{"rendered":"http:\/\/stg.einscompany.com\/globalessencefund.com\/wordpress\/?page_id=6039"},"modified":"2024-09-01T01:37:34","modified_gmt":"2024-09-01T01:37:34","slug":"terminos-de-uso","status":"publish","type":"page","link":"https:\/\/globalessencefund.com\/index.php\/es\/terminos-de-uso\/","title":{"rendered":"T\u00e9rminos de Uso"},"content":{"rendered":"\t\t<div data-elementor-type=\"wp-page\" data-elementor-id=\"6039\" class=\"elementor elementor-6039\">\n\t\t\t\t<div class=\"elementor-element elementor-element-12d5934 e-flex e-con-boxed e-con e-parent\" data-id=\"12d5934\" data-element_type=\"container\">\n\t\t\t\t\t<div class=\"e-con-inner\">\n\t\t\t\t<div class=\"elementor-element elementor-element-b017846 heading-default elementor-widget elementor-widget-mae-headings\" data-id=\"b017846\" data-element_type=\"widget\" data-widget_type=\"mae-headings.default\">\n\t\t\t\t<div class=\"elementor-widget-container\">\n\t\t\t\t\t\t\t<div class=\"master-heading sep-none\">\n\t\t\t\t        \n\t        \n\t        \t        <h2 class=\"main-heading\">T\u00e9rminos de Uso<\/h2>\n\t        \n\t        \n\t        \t    <\/div>\n\t    \t\t\t\t<\/div>\n\t\t\t\t<\/div>\n\t\t\t\t\t<\/div>\n\t\t\t\t<\/div>\n\t\t<div class=\"elementor-element elementor-element-0626f47 e-flex e-con-boxed e-con e-parent\" data-id=\"0626f47\" data-element_type=\"container\">\n\t\t\t\t\t<div class=\"e-con-inner\">\n\t\t\t\t<div class=\"elementor-element elementor-element-3f19f56 icon-default elementor-widget elementor-widget-mae-text-box-grid\" data-id=\"3f19f56\" data-element_type=\"widget\" data-widget_type=\"mae-text-box-grid.default\">\n\t\t\t\t<div class=\"elementor-widget-container\">\n\t\t\t\t\t\n\t\t<div class=\"master-text-box-grid grid-container\" data-active=\"none\">\n\t\t\t\t\t\t\t<div class=\"column elementor-repeater-item-29a2c7f\">\n\t\t\t\t\t<div class=\"master-text-box\">\n\t\t\t\t\t\t<h3 class=\"title\">\n\t\t\t\t\t\t\t\n\t\t\t\t\t\t\tIntroducci\u00f3n\t\t\t\t\t\t<\/h3>\n\t\t\t\t        \n\t\t\t\t        <div class=\"text\">Bienvenido al sitio web de Global Essence Fund (el \"Sitio web\"). Estos t\u00e9rminos y condiciones describen las normas y regulaciones para el uso de nuestro sitio web. Al acceder a este sitio web, usted acepta estos t\u00e9rminos y condiciones en su totalidad. Si no est\u00e1 de acuerdo con alguna parte de estos t\u00e9rminos y condiciones, no contin\u00fae utilizando el sitio web de Global Essence Fund.<\/div>\t\t\t\t    <\/div>\n\t\t\t\t<\/div>\n\t\t    \t\t\t\t<div class=\"column elementor-repeater-item-37c913f\">\n\t\t\t\t\t<div class=\"master-text-box\">\n\t\t\t\t\t\t<h3 class=\"title\">\n\t\t\t\t\t\t\t\n\t\t\t\t\t\t\tUso del Website\t\t\t\t\t\t<\/h3>\n\t\t\t\t        \n\t\t\t\t        <div class=\"text\">El contenido de este sitio web es solo para su informaci\u00f3n y uso general. Est\u00e1 sujeto a cambios sin previo aviso.\n\nPropiedad intelectual\n\nA menos que se indique lo contrario, el sitio web de Global Essence Fund y\/o sus licenciantes poseen los derechos de propiedad intelectual publicados en este sitio web y los materiales utilizados en el sitio web de Global Essence Fund. Sujeto a la licencia que se indica a continuaci\u00f3n, todos estos derechos de propiedad intelectual est\u00e1n reservados.\n\nPuede ver, descargar solo para fines de almacenamiento en cach\u00e9 e imprimir p\u00e1ginas del sitio web para su uso personal, sujeto a las restricciones establecidas a continuaci\u00f3n y en otras partes de estos t\u00e9rminos y condiciones.<\/div>\t\t\t\t    <\/div>\n\t\t\t\t<\/div>\n\t\t    \t\t\t\t<div class=\"column elementor-repeater-item-010845c\">\n\t\t\t\t\t<div class=\"master-text-box\">\n\t\t\t\t\t\t<h3 class=\"title\">\n\t\t\t\t\t\t\t\n\t\t\t\t\t\t\tRestricciones\t\t\t\t\t\t<\/h3>\n\t\t\t\t        \n\t\t\t\t        <div class=\"text\">No debe:\n\nRepublicar material de este sitio web sin consentimiento previo por escrito.\nVender, alquilar o sublicenciar material del sitio web.\nReproducir, duplicar o copiar material del sitio web.\nRedistribuir contenido de este sitio web, excepto el contenido que se haya puesto a disposici\u00f3n de manera espec\u00edfica y expresa para su redistribuci\u00f3n.<\/div>\t\t\t\t    <\/div>\n\t\t\t\t<\/div>\n\t\t    \t\t\t\t<div class=\"column elementor-repeater-item-e4b33f2\">\n\t\t\t\t\t<div class=\"master-text-box\">\n\t\t\t\t\t\t<h3 class=\"title\">\n\t\t\t\t\t\t\t\n\t\t\t\t\t\t\tDescargos de Responsabilidad\t\t\t\t\t\t<\/h3>\n\t\t\t\t        \n\t\t\t\t        <div class=\"text\">La informaci\u00f3n proporcionada en este sitio web es solo para fines informativos generales. Si bien nos esforzamos por mantener la informaci\u00f3n actualizada y correcta, no realizamos declaraciones ni garant\u00edas de ning\u00fan tipo, expresas o impl\u00edcitas, sobre la integridad, precisi\u00f3n, confiabilidad, idoneidad o disponibilidad con respecto al sitio web o la informaci\u00f3n, productos, servicios o gr\u00e1ficos relacionados contenidos en el sitio web para cualquier prop\u00f3sito. Por lo tanto, cualquier confianza que deposite en dicha informaci\u00f3n es estrictamente bajo su propio riesgo.<\/div>\t\t\t\t    <\/div>\n\t\t\t\t<\/div>\n\t\t    \t\t\t\t<div class=\"column elementor-repeater-item-3f6ddc7\">\n\t\t\t\t\t<div class=\"master-text-box\">\n\t\t\t\t\t\t<h3 class=\"title\">\n\t\t\t\t\t\t\t\n\t\t\t\t\t\t\tLimitaci\u00f3n de Responsabilidad\t\t\t\t\t\t<\/h3>\n\t\t\t\t        \n\t\t\t\t        <div class=\"text\">En ning\u00fan caso el sitio web de Global Essence Fund, sus directores, empleados o agentes ser\u00e1n responsables de ninguna p\u00e9rdida o da\u00f1o, incluidos, entre otros, p\u00e9rdidas o da\u00f1os indirectos o consecuentes, o cualquier p\u00e9rdida o da\u00f1o que surja de la p\u00e9rdida de datos o ganancias que surjan de o en conexi\u00f3n con el uso de este sitio web.<\/div>\t\t\t\t    <\/div>\n\t\t\t\t<\/div>\n\t\t    \t\t\t\t<div class=\"column elementor-repeater-item-bf13d14\">\n\t\t\t\t\t<div class=\"master-text-box\">\n\t\t\t\t\t\t<h3 class=\"title\">\n\t\t\t\t\t\t\t\n\t\t\t\t\t\t\tLinks Externos\t\t\t\t\t\t<\/h3>\n\t\t\t\t        \n\t\t\t\t        <div class=\"text\">A trav\u00e9s de este sitio web, usted podr\u00e1 acceder a otros sitios web que no est\u00e1n bajo el control de [Nombre del sitio web]. No tenemos control sobre la naturaleza, el contenido y la disponibilidad de dichos sitios. La inclusi\u00f3n de enlaces no implica necesariamente una recomendaci\u00f3n ni un respaldo de las opiniones expresadas en ellos.<\/div>\t\t\t\t    <\/div>\n\t\t\t\t<\/div>\n\t\t    \t\t\t\t<div class=\"column elementor-repeater-item-c14ee94\">\n\t\t\t\t\t<div class=\"master-text-box\">\n\t\t\t\t\t\t<h3 class=\"title\">\n\t\t\t\t\t\t\t\n\t\t\t\t\t\t\tActualizaci\u00f3n de estos t\u00e9rminos\t\t\t\t\t\t<\/h3>\n\t\t\t\t        \n\t\t\t\t        <div class=\"text\">El sitio web de Global Essence Fund puede revisar estos t\u00e9rminos y condiciones de vez en cuando. Los t\u00e9rminos y condiciones revisados \u200b\u200bse aplicar\u00e1n al uso de este sitio web a partir de la fecha de publicaci\u00f3n de los t\u00e9rminos y condiciones revisados \u200b\u200ben este sitio web. Revise esta p\u00e1gina peri\u00f3dicamente para asegurarse de estar familiarizado con la versi\u00f3n actual.<\/div>\t\t\t\t    <\/div>\n\t\t\t\t<\/div>\n\t\t    \t\t\t\t<div class=\"column elementor-repeater-item-d743af1\">\n\t\t\t\t\t<div class=\"master-text-box\">\n\t\t\t\t\t\t<h3 class=\"title\">\n\t\t\t\t\t\t\t\n\t\t\t\t\t\t\tLey Aplicable\t\t\t\t\t\t<\/h3>\n\t\t\t\t        \n\t\t\t\t        <div class=\"text\">Estos t\u00e9rminos y condiciones se rigen e interpretan de acuerdo con las leyes de Puerto Rico, y usted se somete irrevocablemente a la jurisdicci\u00f3n exclusiva de los tribunales de esa ubicaci\u00f3n.<\/div>\t\t\t\t    <\/div>\n\t\t\t\t<\/div>\n\t\t    \t\t\t\t<div class=\"column elementor-repeater-item-b5214f7\">\n\t\t\t\t\t<div class=\"master-text-box\">\n\t\t\t\t\t\t<h3 class=\"title\">\n\t\t\t\t\t\t\t\n\t\t\t\t\t\t\tInformaci\u00f3n de Contacto\t\t\t\t\t\t<\/h3>\n\t\t\t\t        \n\t\t\t\t        <div class=\"text\">Si tiene alguna pregunta sobre estos T\u00e9rminos y condiciones, cont\u00e1ctenos a hello@.\n\nAl utilizar este sitio web, usted acepta estar sujeto a estos t\u00e9rminos y condiciones.<\/div>\t\t\t\t    <\/div>\n\t\t\t\t<\/div>\n\t\t    \t\t<\/div>\n\t\t\t\t\t\t<\/div>\n\t\t\t\t<\/div>\n\t\t\t\t\t<\/div>\n\t\t\t\t<\/div>\n\t\t\t\t<\/div>\n\t\t\n    <div class=\"xs_social_share_widget xs_share_url after_content \t\tmain_content  wslu-style-1 wslu-share-box-shaped wslu-fill-colored wslu-none wslu-share-horizontal wslu-theme-font-no wslu-main_content\">\n\n\t\t\n        <ul>\n\t\t\t        <\/ul>\n    <\/div> \n","protected":false},"excerpt":{"rendered":"<p>T\u00e9rminos de Uso Introducci\u00f3n Bienvenido al sitio web de Global Essence Fund (el &#8220;Sitio web&#8221;). Estos t\u00e9rminos y condiciones describen las normas y regulaciones para el uso de nuestro sitio web. Al acceder a este sitio web, usted acepta estos t\u00e9rminos y condiciones en su totalidad. Si no est\u00e1 de<\/p>\n","protected":false},"author":1,"featured_media":0,"parent":0,"menu_order":0,"comment_status":"closed","ping_status":"closed","template":"","meta":{"inline_featured_image":false,"footnotes":""},"class_list":["post-6039","page","type-page","status-publish","hentry"],"_links":{"self":[{"href":"https:\/\/globalessencefund.com\/index.php\/wp-json\/wp\/v2\/pages\/6039","targetHints":{"allow":["GET"]}}],"collection":[{"href":"https:\/\/globalessencefund.com\/index.php\/wp-json\/wp\/v2\/pages"}],"about":[{"href":"https:\/\/globalessencefund.com\/index.php\/wp-json\/wp\/v2\/types\/page"}],"author":[{"embeddable":true,"href":"https:\/\/globalessencefund.com\/index.php\/wp-json\/wp\/v2\/users\/1"}],"replies":[{"embeddable":true,"href":"https:\/\/globalessencefund.com\/index.php\/wp-json\/wp\/v2\/comments?post=6039"}],"version-history":[{"count":4,"href":"https:\/\/globalessencefund.com\/index.php\/wp-json\/wp\/v2\/pages\/6039\/revisions"}],"predecessor-version":[{"id":6043,"href":"https:\/\/globalessencefund.com\/index.php\/wp-json\/wp\/v2\/pages\/6039\/revisions\/6043"}],"wp:attachment":[{"href":"https:\/\/globalessencefund.com\/index.php\/wp-json\/wp\/v2\/media?parent=6039"}],"curies":[{"name":"wp","href":"https:\/\/api.w.org\/{rel}","templated":true}]}}