{"id":5911,"date":"2024-08-12T04:11:00","date_gmt":"2024-08-12T04:11:00","guid":{"rendered":"http:\/\/stg.einscompany.com\/globalessencefund.com\/wordpress\/?page_id=5911"},"modified":"2024-09-12T04:45:12","modified_gmt":"2024-09-12T04:45:12","slug":"cultivando-fribra-de-canamo","status":"publish","type":"page","link":"https:\/\/globalessencefund.com\/index.php\/es\/cultivando-fribra-de-canamo\/","title":{"rendered":"Cultivando Fribra de C\u00e1\u00f1amo"},"content":{"rendered":"\t\t<div data-elementor-type=\"wp-page\" data-elementor-id=\"5911\" class=\"elementor elementor-5911\">\n\t\t\t\t<div class=\"elementor-element elementor-element-91b72fb e-flex e-con-boxed e-con e-parent\" data-id=\"91b72fb\" data-element_type=\"container\">\n\t\t\t\t\t<div class=\"e-con-inner\">\n\t\t\t\t<div class=\"elementor-element elementor-element-4ae68ca heading-default elementor-widget elementor-widget-mae-headings\" data-id=\"4ae68ca\" data-element_type=\"widget\" data-widget_type=\"mae-headings.default\">\n\t\t\t\t<div class=\"elementor-widget-container\">\n\t\t\t\t\t\t\t<div class=\"master-heading sep-none\">\n\t\t\t\t        \t        \t<div class=\"pre-heading\"><span class=\"line\"><span class=\"inner\"><\/span><\/span>\u00bfQu\u00e9 es la Fibra de C\u00e1\u00f1amo?<\/div>\n\t        \n\t        \n\t        \n\t        \n\t        \t    <\/div>\n\t    \t\t\t\t<\/div>\n\t\t\t\t<\/div>\n\t\t\t\t<div class=\"elementor-element elementor-element-a528b8e align-left icon-default elementor-widget elementor-widget-mae-list\" data-id=\"a528b8e\" data-element_type=\"widget\" data-widget_type=\"mae-list.default\">\n\t\t\t\t<div class=\"elementor-widget-container\">\n\t\t\t\t\t\n\t\t<div class=\"master-list\">\n\t\t\t\t\t\t\t<div class=\"master-icon-text list-item\">\n\t\t\t        <div class=\"icon-wrap\">\n\t\t\t\t        <i aria-hidden=\"true\" class=\"ci-tick\"><\/i>\t\t\t        <\/div> \n\n\t\t\t        <div class=\"content-wrap\">\n\t\t\t            El c\u00e1\u00f1amo es parte de la familia de plantas Cannabis Sativa\t\t\t        <\/div>\n\t\t\t    <\/div>\n\t\t    \t\t\t\t<div class=\"master-icon-text list-item\">\n\t\t\t        <div class=\"icon-wrap\">\n\t\t\t\t        <i aria-hidden=\"true\" class=\"ci-tick\"><\/i>\t\t\t        <\/div> \n\n\t\t\t        <div class=\"content-wrap\">\n\t\t\t            Se est\u00e1 hibridando mediante Latitud Geogr\u00e1fica\t\t\t        <\/div>\n\t\t\t    <\/div>\n\t\t    \t\t\t\t<div class=\"master-icon-text list-item\">\n\t\t\t        <div class=\"icon-wrap\">\n\t\t\t\t        <i aria-hidden=\"true\" class=\"ci-tick\"><\/i>\t\t\t        <\/div> \n\n\t\t\t        <div class=\"content-wrap\">\n\t\t\t            Crece bien en muchos entornos\t\t\t        <\/div>\n\t\t\t    <\/div>\n\t\t    \t\t\t\t<div class=\"master-icon-text list-item\">\n\t\t\t        <div class=\"icon-wrap\">\n\t\t\t\t        <i aria-hidden=\"true\" class=\"ci-tick\"><\/i>\t\t\t        <\/div> \n\n\t\t\t        <div class=\"content-wrap\">\n\t\t\t            Se cultiva para miles de aplicaciones que incluyen fibra, estopa y grano\t\t\t        <\/div>\n\t\t\t    <\/div>\n\t\t    \t\t\t\t<div class=\"master-icon-text list-item\">\n\t\t\t        <div class=\"icon-wrap\">\n\t\t\t\t        <i aria-hidden=\"true\" class=\"ci-tick\"><\/i>\t\t\t        <\/div> \n\n\t\t\t        <div class=\"content-wrap\">\n\t\t\t            No es una planta recreativa\t\t\t        <\/div>\n\t\t\t    <\/div>\n\t\t    \t\t\t\t<div class=\"master-icon-text list-item\">\n\t\t\t        <div class=\"icon-wrap\">\n\t\t\t\t        <i aria-hidden=\"true\" class=\"ci-tick\"><\/i>\t\t\t        <\/div> \n\n\t\t\t        <div class=\"content-wrap\">\n\t\t\t            Es muy beneficioso para los suelos que est\u00e1n muy compactados y adem\u00e1s intercambia nutrientes en el complejo del suelo\t\t\t        <\/div>\n\t\t\t    <\/div>\n\t\t    \t\t\t\t<div class=\"master-icon-text list-item\">\n\t\t\t        <div class=\"icon-wrap\">\n\t\t\t\t        <i aria-hidden=\"true\" class=\"ci-tick\"><\/i>\t\t\t        <\/div> \n\n\t\t\t        <div class=\"content-wrap\">\n\t\t\t            Puede tener un ciclo de crecimiento corto y un ciclo de crecimiento largo\t\t\t        <\/div>\n\t\t\t    <\/div>\n\t\t    \t\t\t\t<div class=\"master-icon-text list-item\">\n\t\t\t        <div class=\"icon-wrap\">\n\t\t\t\t        <i aria-hidden=\"true\" class=\"ci-tick\"><\/i>\t\t\t        <\/div> \n\n\t\t\t        <div class=\"content-wrap\">\n\t\t\t            Generalmente hay entre 18 y 26 mil semillas por libra y se plantan de 30 a 70 libras por acre\t\t\t        <\/div>\n\t\t\t    <\/div>\n\t\t    \t\t<\/div>\n\t\t\t\t\t<\/div>\n\t\t\t\t<\/div>\n\t\t\t\t\t<\/div>\n\t\t\t\t<\/div>\n\t\t<div class=\"elementor-element elementor-element-2c0984c e-flex e-con-boxed e-con e-parent\" data-id=\"2c0984c\" data-element_type=\"container\">\n\t\t\t\t\t<div class=\"e-con-inner\">\n\t\t\t\t<div class=\"elementor-element elementor-element-c4ce048 heading-default elementor-widget elementor-widget-mae-headings\" data-id=\"c4ce048\" data-element_type=\"widget\" data-widget_type=\"mae-headings.default\">\n\t\t\t\t<div class=\"elementor-widget-container\">\n\t\t\t\t\t\t\t<div class=\"master-heading sep-none\">\n\t\t\t\t        \t        \t<div class=\"pre-heading\"><span class=\"line\"><span class=\"inner\"><\/span><\/span>Usos comunes<\/div>\n\t        \n\t        \n\t        \n\t        \n\t        \t    <\/div>\n\t    \t\t\t\t<\/div>\n\t\t\t\t<\/div>\n\t\t\t\t<div class=\"elementor-element elementor-element-bded099 icon-default elementor-widget elementor-widget-mae-text-box\" data-id=\"bded099\" data-element_type=\"widget\" data-widget_type=\"mae-text-box.default\">\n\t\t\t\t<div class=\"elementor-widget-container\">\n\t\t\t\t\t\n\t\t<div class=\"master-text-box\">\n\t\t\t<h3 class=\"title\">\n\t\t\t\t\t\t\t\t\t<span class=\"icon-wrap\">\n\t\t\t\t        \t\t\t        <\/span> \n\t\t\t\t\n\t\t\t\t\t\t\t<\/h3>\n\t        \n\t        <div class=\"text\">El c\u00e1\u00f1amo industrial es una planta incre\u00edblemente vers\u00e1til que se separa en varias partes (fibra, semillas y estopa) que luego se utilizan en una amplia gama de productos.<\/div>\t    <\/div>\n\n\t    \t\t\t\t<\/div>\n\t\t\t\t<\/div>\n\t\t\t\t<div class=\"elementor-element elementor-element-371415e elementor-widget elementor-widget-mae-gallery-grid\" data-id=\"371415e\" data-element_type=\"widget\" data-widget_type=\"mae-gallery-grid.default\">\n\t\t\t\t<div class=\"elementor-widget-container\">\n\t\t\t\t\t\n        <div class=\"master-portfolio master-galleries\" data-config='{\"columns\":3,\"gapHorizontal\":30,\"gapVertical\":30,\"layoutMode\":\"grid\"}'>\n            <div class=\"galleries cbp\">\n                                    <div class=\"master-gallery cbp-item\">\n                        <div class=\"thumb\">\n                            <a class=\"zoom-popup-mfp\" href=\"https:\/wordpress\/wp-content\/uploads\/2024\/06\/Breakdown-of-hemp-plant-parts.jpg\"><\/a>\n                            <img fetchpriority=\"high\" decoding=\"async\" width=\"1170\" height=\"520\" src=\"https:\/\/globalessencefund.com\/wp-content\/uploads\/2024\/06\/Breakdown-of-hemp-plant-parts-1170x520.jpg\" class=\"attachment-agrios-project-standard size-agrios-project-standard wp-image-5291\" alt=\"\" \/>                        <\/div>\n                    <\/div>\n                            <\/div><!-- galleries -->\n        <\/div><!-- master-portfolio -->\n    \t\t\t\t<\/div>\n\t\t\t\t<\/div>\n\t\t\t\t\t<\/div>\n\t\t\t\t<\/div>\n\t\t<div class=\"elementor-element elementor-element-1995912 e-flex e-con-boxed e-con e-parent\" data-id=\"1995912\" data-element_type=\"container\">\n\t\t\t\t\t<div class=\"e-con-inner\">\n\t\t<div class=\"elementor-element elementor-element-2ede4b7 e-con-full e-flex e-con e-child\" data-id=\"2ede4b7\" data-element_type=\"container\">\n\t\t\t\t<div class=\"elementor-element elementor-element-b33998f heading-default elementor-widget elementor-widget-mae-headings\" data-id=\"b33998f\" data-element_type=\"widget\" data-widget_type=\"mae-headings.default\">\n\t\t\t\t<div class=\"elementor-widget-container\">\n\t\t\t\t\t\t\t<div class=\"master-heading sep-none\">\n\t\t\t\t        \t        \t<div class=\"pre-heading\"><span class=\"line\"><span class=\"inner\"><\/span><\/span>Requerimientos de Operaci\u00f3n<\/div>\n\t        \n\t        \n\t        \n\t        \n\t        \t            <div class=\"sub-heading\">En general, piense en este cultivo de c\u00e1\u00f1amo como heno (fibra) o trigo (grano)<\/div>\n\t        \t    <\/div>\n\t    \t\t\t\t<\/div>\n\t\t\t\t<\/div>\n\t\t\t\t<div class=\"elementor-element elementor-element-34990ee align-left icon-default elementor-widget elementor-widget-mae-list\" data-id=\"34990ee\" data-element_type=\"widget\" data-widget_type=\"mae-list.default\">\n\t\t\t\t<div class=\"elementor-widget-container\">\n\t\t\t\t\t\n\t\t<div class=\"master-list\">\n\t\t\t\t\t\t\t<div class=\"master-icon-text list-item\">\n\t\t\t        <div class=\"icon-wrap\">\n\t\t\t\t        <i aria-hidden=\"true\" class=\"ci-tick\"><\/i>\t\t\t        <\/div> \n\n\t\t\t        <div class=\"content-wrap\">\n\t\t\t            Este cultivo se planta como un cultivo de estaci\u00f3n c\u00e1lida con una sembradora, pero se puede esparcir e incorporar\t\t\t        <\/div>\n\t\t\t    <\/div>\n\t\t    \t\t\t\t<div class=\"master-icon-text list-item\">\n\t\t\t        <div class=\"icon-wrap\">\n\t\t\t\t        <i aria-hidden=\"true\" class=\"ci-tick\"><\/i>\t\t\t        <\/div> \n\n\t\t\t        <div class=\"content-wrap\">\n\t\t\t            Este cultivo debe plantarse a poca profundidad, entre \u00bc\u201d y \u00be\u201d. Es importante no trabajar demasiado el suelo, ya que las semillas tienden a migrar m\u00e1s profundamente en suelos sueltos\t\t\t        <\/div>\n\t\t\t    <\/div>\n\t\t    \t\t\t\t<div class=\"master-icon-text list-item\">\n\t\t\t        <div class=\"icon-wrap\">\n\t\t\t\t        <i aria-hidden=\"true\" class=\"ci-tick\"><\/i>\t\t\t        <\/div> \n\n\t\t\t        <div class=\"content-wrap\">\n\t\t\t            La siembra directa es una opci\u00f3n viable despu\u00e9s de un programa de quema aplicada o detr\u00e1s de un cultivo de cobertura corto\t\t\t        <\/div>\n\t\t\t    <\/div>\n\t\t    \t\t\t\t<div class=\"master-icon-text list-item\">\n\t\t\t        <div class=\"icon-wrap\">\n\t\t\t\t        <i aria-hidden=\"true\" class=\"ci-tick\"><\/i>\t\t\t        <\/div> \n\n\t\t\t        <div class=\"content-wrap\">\n\t\t\t            Poblaci\u00f3n: 800.000 \u2013 1.000.000 de semillas por acre o m\u00e1s (20-60 libras de semillas)\t\t\t        <\/div>\n\t\t\t    <\/div>\n\t\t    \t\t\t\t<div class=\"master-icon-text list-item\">\n\t\t\t        <div class=\"icon-wrap\">\n\t\t\t\t        <i aria-hidden=\"true\" class=\"ci-tick\"><\/i>\t\t\t        <\/div> \n\n\t\t\t        <div class=\"content-wrap\">\n\t\t\t            1- 3 esquejes por temporada con una madurez de entre 70-130 d\u00edas\t\t\t        <\/div>\n\t\t\t    <\/div>\n\t\t    \t\t\t\t<div class=\"master-icon-text list-item\">\n\t\t\t        <div class=\"icon-wrap\">\n\t\t\t\t        <i aria-hidden=\"true\" class=\"ci-tick\"><\/i>\t\t\t        <\/div> \n\n\t\t\t        <div class=\"content-wrap\">\n\t\t\t            Lo mejor es cortarlo con segadoras de barra de hoz y dejarlo secar durante unos d\u00edas antes de empacarlo\t\t\t        <\/div>\n\t\t\t    <\/div>\n\t\t    \t\t\t\t<div class=\"master-icon-text list-item\">\n\t\t\t        <div class=\"icon-wrap\">\n\t\t\t\t        <i aria-hidden=\"true\" class=\"ci-tick\"><\/i>\t\t\t        <\/div> \n\n\t\t\t        <div class=\"content-wrap\">\n\t\t\t            Conservar durante mucho tiempo bajo techo hasta su procesamiento en una m\u00e1quina descortezadora\t\t\t        <\/div>\n\t\t\t    <\/div>\n\t\t    \t\t<\/div>\n\t\t\t\t\t<\/div>\n\t\t\t\t<\/div>\n\t\t\t\t<\/div>\n\t\t<div class=\"elementor-element elementor-element-bf7afd7 e-con-full e-flex e-con e-child\" data-id=\"bf7afd7\" data-element_type=\"container\">\n\t\t\t\t<div class=\"elementor-element elementor-element-12d5eb9 elementor-widget elementor-widget-mae-gallery-grid\" data-id=\"12d5eb9\" data-element_type=\"widget\" data-widget_type=\"mae-gallery-grid.default\">\n\t\t\t\t<div class=\"elementor-widget-container\">\n\t\t\t\t\t\n        <div class=\"master-portfolio master-galleries\" data-config='{\"columns\":3,\"gapHorizontal\":30,\"gapVertical\":30,\"layoutMode\":\"grid\"}'>\n            <div class=\"galleries cbp\">\n                                    <div class=\"master-gallery cbp-item\">\n                        <div class=\"thumb\">\n                            <a class=\"zoom-popup-mfp\" href=\"https:\/wordpress\/wp-content\/uploads\/2024\/06\/pic-4.jpg\"><\/a>\n                            <img decoding=\"async\" width=\"1920\" height=\"1277\" src=\"https:\/\/globalessencefund.com\/wp-content\/uploads\/2024\/06\/pic-4.jpg\" class=\"attachment-full size-full wp-image-4151\" alt=\"\" srcset=\"https:\/\/globalessencefund.com\/wp-content\/uploads\/2024\/06\/pic-4.jpg 1920w, https:\/\/globalessencefund.com\/wp-content\/uploads\/2024\/06\/pic-4-300x200.jpg 300w, https:\/\/globalessencefund.com\/wp-content\/uploads\/2024\/06\/pic-4-1024x681.jpg 1024w, https:\/\/globalessencefund.com\/wp-content\/uploads\/2024\/06\/pic-4-768x511.jpg 768w, https:\/\/globalessencefund.com\/wp-content\/uploads\/2024\/06\/pic-4-1536x1022.jpg 1536w\" sizes=\"(max-width: 1920px) 100vw, 1920px\" \/>                        <\/div>\n                    <\/div>\n                                    <div class=\"master-gallery cbp-item\">\n                        <div class=\"thumb\">\n                            <a class=\"zoom-popup-mfp\" href=\"https:\/wordpress\/wp-content\/uploads\/2024\/06\/Hemp-field-Cutter.jpg\"><\/a>\n                            <img decoding=\"async\" width=\"1024\" height=\"573\" src=\"https:\/\/globalessencefund.com\/wp-content\/uploads\/2024\/06\/Hemp-field-Cutter.jpg\" class=\"attachment-full size-full wp-image-5144\" alt=\"\" srcset=\"https:\/\/globalessencefund.com\/wp-content\/uploads\/2024\/06\/Hemp-field-Cutter.jpg 1024w, https:\/\/globalessencefund.com\/wp-content\/uploads\/2024\/06\/Hemp-field-Cutter-300x168.jpg 300w, https:\/\/globalessencefund.com\/wp-content\/uploads\/2024\/06\/Hemp-field-Cutter-768x430.jpg 768w\" sizes=\"(max-width: 1024px) 100vw, 1024px\" \/>                        <\/div>\n                    <\/div>\n                            <\/div><!-- galleries -->\n        <\/div><!-- master-portfolio -->\n    \t\t\t\t<\/div>\n\t\t\t\t<\/div>\n\t\t\t\t<\/div>\n\t\t\t\t\t<\/div>\n\t\t\t\t<\/div>\n\t\t<div class=\"elementor-element elementor-element-0ee0fac e-flex e-con-boxed e-con e-parent\" data-id=\"0ee0fac\" data-element_type=\"container\">\n\t\t\t\t\t<div class=\"e-con-inner\">\n\t\t\t\t<div class=\"elementor-element elementor-element-8e878a9 icon-default elementor-widget elementor-widget-mae-text-box\" data-id=\"8e878a9\" data-element_type=\"widget\" data-widget_type=\"mae-text-box.default\">\n\t\t\t\t<div class=\"elementor-widget-container\">\n\t\t\t\t\t\n\t\t<div class=\"master-text-box\">\n\t\t\t<h3 class=\"title\">\n\t\t\t\t\t\t\t\t\t<span class=\"icon-wrap\">\n\t\t\t\t        \t\t\t        <\/span> \n\t\t\t\t\n\t\t\t\t\t\t\t<\/h3>\n\t        \n\t        <div class=\"text\">La decorticaci\u00f3n del c\u00e1\u00f1amo simplemente significa que las fibras del l\u00edber y las fibras de estopa se separan utilizando una m\u00e1quina de decorticaci\u00f3n que separa mec\u00e1nicamente las fibras de la planta de c\u00e1\u00f1amo. <\/div>\t    <\/div>\n\n\t    \t\t\t\t<\/div>\n\t\t\t\t<\/div>\n\t\t\t\t<div class=\"elementor-element elementor-element-b1b1e1b elementor-widget elementor-widget-spacer\" data-id=\"b1b1e1b\" data-element_type=\"widget\" data-widget_type=\"spacer.default\">\n\t\t\t\t<div class=\"elementor-widget-container\">\n\t\t\t\t\t\t\t<div class=\"elementor-spacer\">\n\t\t\t<div class=\"elementor-spacer-inner\"><\/div>\n\t\t<\/div>\n\t\t\t\t\t\t<\/div>\n\t\t\t\t<\/div>\n\t\t\t\t<div class=\"elementor-element elementor-element-b1a7c22 icon-default elementor-widget elementor-widget-mae-text-box\" data-id=\"b1a7c22\" data-element_type=\"widget\" data-widget_type=\"mae-text-box.default\">\n\t\t\t\t<div class=\"elementor-widget-container\">\n\t\t\t\t\t\n\t\t<div class=\"master-text-box\">\n\t\t\t<h3 class=\"title\">\n\t\t\t\t\t\t\t\t\t<span class=\"icon-wrap\">\n\t\t\t\t        \t\t\t        <\/span> \n\t\t\t\t\n\t\t\t\t\t\t\t<\/h3>\n\t        \n\t        <div class=\"text\">Si desea convertirse en agricultor de c\u00e1\u00f1amo, env\u00edenos un correo electr\u00f3nico. Incluya su nombre y su tel\u00e9fono y nos comunicaremos con usted en un plazo de 3 a 5 d\u00edas h\u00e1biles.<\/div>\t    <\/div>\n\n\t    \t\t\t\t<\/div>\n\t\t\t\t<\/div>\n\t\t\t\t<div class=\"elementor-element elementor-element-730b9ad elementor-widget elementor-widget-spacer\" data-id=\"730b9ad\" data-element_type=\"widget\" data-widget_type=\"spacer.default\">\n\t\t\t\t<div class=\"elementor-widget-container\">\n\t\t\t\t\t\t\t<div class=\"elementor-spacer\">\n\t\t\t<div class=\"elementor-spacer-inner\"><\/div>\n\t\t<\/div>\n\t\t\t\t\t\t<\/div>\n\t\t\t\t<\/div>\n\t\t\t\t<div class=\"elementor-element elementor-element-22ec22d elementor-widget elementor-widget-mae-button\" data-id=\"22ec22d\" data-element_type=\"widget\" data-widget_type=\"mae-button.default\">\n\t\t\t\t<div class=\"elementor-widget-container\">\n\t\t\t\t\t\n        \n        <a class=\"master-button btn-accent icon-none medium btn-hover-2\" href=\"https:\/index.php\/es\/contactenos\/\" \n            >\n\n            <span class=\"inner\">\n                <span class=\"content-base\">\n                                        <span class=\"text\">Cont\u00e1ctenos<\/span>\n                                    <\/span>\n\n                <span class=\"content-hover\">\n                                        <span class=\"text\">Cont\u00e1ctenos<\/span>\n                                    <\/span>\n            <\/span>\n\n            <span class=\"bg-hover\"><\/span>        <\/a>\n\n        \t\t\t\t<\/div>\n\t\t\t\t<\/div>\n\t\t\t\t<div class=\"elementor-element elementor-element-b26154a elementor-widget elementor-widget-spacer\" data-id=\"b26154a\" data-element_type=\"widget\" data-widget_type=\"spacer.default\">\n\t\t\t\t<div class=\"elementor-widget-container\">\n\t\t\t\t\t\t\t<div class=\"elementor-spacer\">\n\t\t\t<div class=\"elementor-spacer-inner\"><\/div>\n\t\t<\/div>\n\t\t\t\t\t\t<\/div>\n\t\t\t\t<\/div>\n\t\t\t\t\t<\/div>\n\t\t\t\t<\/div>\n\t\t\t\t<\/div>\n\t\t\n    <div class=\"xs_social_share_widget xs_share_url after_content \t\tmain_content  wslu-style-1 wslu-share-box-shaped wslu-fill-colored wslu-none wslu-share-horizontal wslu-theme-font-no wslu-main_content\">\n\n\t\t\n        <ul>\n\t\t\t        <\/ul>\n    <\/div> \n","protected":false},"excerpt":{"rendered":"<p>\u00bfQu\u00e9 es la Fibra de C\u00e1\u00f1amo? El c\u00e1\u00f1amo es parte de la familia de plantas Cannabis Sativa Se est\u00e1 hibridando mediante Latitud Geogr\u00e1fica Crece bien en muchos entornos Se cultiva para miles de aplicaciones que incluyen fibra, estopa y grano No es una planta recreativa Es muy beneficioso para los<\/p>\n","protected":false},"author":1,"featured_media":0,"parent":0,"menu_order":0,"comment_status":"closed","ping_status":"closed","template":"","meta":{"inline_featured_image":false,"footnotes":""},"class_list":["post-5911","page","type-page","status-publish","hentry"],"_links":{"self":[{"href":"https:\/\/globalessencefund.com\/index.php\/wp-json\/wp\/v2\/pages\/5911","targetHints":{"allow":["GET"]}}],"collection":[{"href":"https:\/\/globalessencefund.com\/index.php\/wp-json\/wp\/v2\/pages"}],"about":[{"href":"https:\/\/globalessencefund.com\/index.php\/wp-json\/wp\/v2\/types\/page"}],"author":[{"embeddable":true,"href":"https:\/\/globalessencefund.com\/index.php\/wp-json\/wp\/v2\/users\/1"}],"replies":[{"embeddable":true,"href":"https:\/\/globalessencefund.com\/index.php\/wp-json\/wp\/v2\/comments?post=5911"}],"version-history":[{"count":10,"href":"https:\/\/globalessencefund.com\/index.php\/wp-json\/wp\/v2\/pages\/5911\/revisions"}],"predecessor-version":[{"id":6261,"href":"https:\/\/globalessencefund.com\/index.php\/wp-json\/wp\/v2\/pages\/5911\/revisions\/6261"}],"wp:attachment":[{"href":"https:\/\/globalessencefund.com\/index.php\/wp-json\/wp\/v2\/media?parent=5911"}],"curies":[{"name":"wp","href":"https:\/\/api.w.org\/{rel}","templated":true}]}}