{"id":5887,"date":"2024-08-12T03:45:18","date_gmt":"2024-08-12T03:45:18","guid":{"rendered":"http:\/\/stg.einscompany.com\/globalessencefund.com\/wordpress\/?page_id=5887"},"modified":"2024-09-12T04:51:20","modified_gmt":"2024-09-12T04:51:20","slug":"donaciones","status":"publish","type":"page","link":"https:\/\/globalessencefund.com\/index.php\/es\/donaciones\/","title":{"rendered":"Donaciones"},"content":{"rendered":"\t\t<div data-elementor-type=\"wp-page\" data-elementor-id=\"5887\" class=\"elementor elementor-5887\">\n\t\t\t\t<div class=\"elementor-element elementor-element-e38c5fc e-flex e-con-boxed e-con e-parent\" data-id=\"e38c5fc\" data-element_type=\"container\">\n\t\t\t\t\t<div class=\"e-con-inner\">\n\t\t<div class=\"elementor-element elementor-element-cbd965e e-con-full e-flex e-con e-child\" data-id=\"cbd965e\" data-element_type=\"container\">\n\t\t\t\t<div class=\"elementor-element elementor-element-dfc0770 heading-default elementor-widget elementor-widget-mae-headings\" data-id=\"dfc0770\" data-element_type=\"widget\" data-widget_type=\"mae-headings.default\">\n\t\t\t\t<div class=\"elementor-widget-container\">\n\t\t\t\t\t\t\t<div class=\"master-heading sep-none\">\n\t\t\t\t        \t        \t<div class=\"pre-heading\"><span class=\"line\"><span class=\"inner\"><\/span><\/span>\u00danete<\/div>\n\t        \n\t        \n\t        \t        <h2 class=\"main-heading\">Ayudando a nuestros agricultores y econom\u00eda a prosperar<\/h2>\n\t        \n\t        \n\t        \t            <div class=\"sub-heading\">\u00a1Podemos hacer que el c\u00e1\u00f1amo industrial se haga realidad en los campos de Puerto Rico!<\/div>\n\t        \t    <\/div>\n\t    \t\t\t\t<\/div>\n\t\t\t\t<\/div>\n\t\t\t\t<div class=\"elementor-element elementor-element-e6ed5b2 elementor-widget elementor-widget-spacer\" data-id=\"e6ed5b2\" data-element_type=\"widget\" data-widget_type=\"spacer.default\">\n\t\t\t\t<div class=\"elementor-widget-container\">\n\t\t\t\t\t\t\t<div class=\"elementor-spacer\">\n\t\t\t<div class=\"elementor-spacer-inner\"><\/div>\n\t\t<\/div>\n\t\t\t\t\t\t<\/div>\n\t\t\t\t<\/div>\n\t\t\t\t<div class=\"elementor-element elementor-element-9578092 icon-default elementor-widget elementor-widget-mae-text-box\" data-id=\"9578092\" data-element_type=\"widget\" data-widget_type=\"mae-text-box.default\">\n\t\t\t\t<div class=\"elementor-widget-container\">\n\t\t\t\t\t\n\t\t<div class=\"master-text-box\">\n\t\t\t<h3 class=\"title\">\n\t\t\t\t\t\t\t\t\t<span class=\"icon-wrap\">\n\t\t\t\t        \t\t\t        <\/span> \n\t\t\t\t\n\t\t\t\t\t\t\t<\/h3>\n\t        \n\t        <div class=\"text\">Imagina un futuro en el que la agricultura sostenible no solo revitaliza nuestro medio ambiente, sino que tambi\u00e9n empodera a las comunidades locales. Este futuro est\u00e1 a nuestro alcance y t\u00fa puedes ayudarnos a hacerlo realidad. Te invitamos a ser parte de un emocionante viaje para transformar el paisaje agr\u00edcola de Puerto Rico a trav\u00e9s de la industria del cultivo de c\u00e1\u00f1amo, que es laboriosa y ecol\u00f3gica.<\/div>\t    <\/div>\n\n\t    \t\t\t\t<\/div>\n\t\t\t\t<\/div>\n\t\t\t\t<div class=\"elementor-element elementor-element-484b752 elementor-widget elementor-widget-spacer\" data-id=\"484b752\" data-element_type=\"widget\" data-widget_type=\"spacer.default\">\n\t\t\t\t<div class=\"elementor-widget-container\">\n\t\t\t\t\t\t\t<div class=\"elementor-spacer\">\n\t\t\t<div class=\"elementor-spacer-inner\"><\/div>\n\t\t<\/div>\n\t\t\t\t\t\t<\/div>\n\t\t\t\t<\/div>\n\t\t\t\t<div class=\"elementor-element elementor-element-4a4b3db icon-default elementor-widget elementor-widget-mae-text-box\" data-id=\"4a4b3db\" data-element_type=\"widget\" data-widget_type=\"mae-text-box.default\">\n\t\t\t\t<div class=\"elementor-widget-container\">\n\t\t\t\t\t\n\t\t<div class=\"master-text-box\">\n\t\t\t<h3 class=\"title\">\n\t\t\t\t\t\t\t\t\t<span class=\"icon-wrap\">\n\t\t\t\t        \t\t\t        <\/span> \n\t\t\t\t\n\t\t\t\t\t\t\t<\/h3>\n\t        \n\t        <div class=\"text\">\ud83d\udc9a \u00bfC\u00f3mo puedes ayudar?<br \/><br \/>\nEstamos lanzando una campa\u00f1a de recaudaci\u00f3n de fondos para impulsar esta revoluci\u00f3n verde. Sus generosas donaciones se destinar\u00e1n directamente a:<\/div>\t    <\/div>\n\n\t    \t\t\t\t<\/div>\n\t\t\t\t<\/div>\n\t\t\t\t<div class=\"elementor-element elementor-element-75ad769 icon-default elementor-widget elementor-widget-mae-list\" data-id=\"75ad769\" data-element_type=\"widget\" data-widget_type=\"mae-list.default\">\n\t\t\t\t<div class=\"elementor-widget-container\">\n\t\t\t\t\t\n\t\t<div class=\"master-list\">\n\t\t\t\t\t\t\t<div class=\"master-icon-text list-item\">\n\t\t\t        <div class=\"icon-wrap\">\n\t\t\t\t        <i aria-hidden=\"true\" class=\"ci-tick\"><\/i>\t\t\t        <\/div> \n\n\t\t\t        <div class=\"content-wrap\">\n\t\t\t            Educaci\u00f3n y capacitaci\u00f3n: equipar a nuestros agricultores con el conocimiento y las habilidades para cultivar y cosechar c\u00e1\u00f1amo de manera sostenible\t\t\t        <\/div>\n\t\t\t    <\/div>\n\t\t    \t\t\t\t<div class=\"master-icon-text list-item\">\n\t\t\t        <div class=\"icon-wrap\">\n\t\t\t\t        <i aria-hidden=\"true\" class=\"ci-tick\"><\/i>\t\t\t        <\/div> \n\n\t\t\t        <div class=\"content-wrap\">\n\t\t\t            Desarrollo de infraestructura: construcci\u00f3n de las instalaciones necesarias para procesar y fabricar productos de c\u00e1\u00f1amo.\t\t\t        <\/div>\n\t\t\t    <\/div>\n\t\t    \t\t\t\t<div class=\"master-icon-text list-item\">\n\t\t\t        <div class=\"icon-wrap\">\n\t\t\t\t        <i aria-hidden=\"true\" class=\"ci-tick\"><\/i>\t\t\t        <\/div> \n\n\t\t\t        <div class=\"content-wrap\">\n\t\t\t            Investigaci\u00f3n e innovaci\u00f3n: invertir en investigaci\u00f3n de vanguardia para optimizar el cultivo del c\u00e1\u00f1amo y ampliar sus aplicaciones\t\t\t        <\/div>\n\t\t\t    <\/div>\n\t\t    \t\t<\/div>\n\t\t\t\t\t<\/div>\n\t\t\t\t<\/div>\n\t\t\t\t<div class=\"elementor-element elementor-element-f8124eb elementor-widget elementor-widget-spacer\" data-id=\"f8124eb\" data-element_type=\"widget\" data-widget_type=\"spacer.default\">\n\t\t\t\t<div class=\"elementor-widget-container\">\n\t\t\t\t\t\t\t<div class=\"elementor-spacer\">\n\t\t\t<div class=\"elementor-spacer-inner\"><\/div>\n\t\t<\/div>\n\t\t\t\t\t\t<\/div>\n\t\t\t\t<\/div>\n\t\t\t\t<div class=\"elementor-element elementor-element-8a12796 icon-default elementor-widget elementor-widget-mae-text-box\" data-id=\"8a12796\" data-element_type=\"widget\" data-widget_type=\"mae-text-box.default\">\n\t\t\t\t<div class=\"elementor-widget-container\">\n\t\t\t\t\t\n\t\t<div class=\"master-text-box\">\n\t\t\t<h3 class=\"title\">\n\t\t\t\t\t\t\t\t\t<span class=\"icon-wrap\">\n\t\t\t\t        \t\t\t        <\/span> \n\t\t\t\t\n\t\t\t\t\t\t\t<\/h3>\n\t        \n\t        <div class=\"text\">\ud83c\udf0eTu impacto<br \/><br \/>\nAl donar a nuestra causa, no solo est\u00e1s apoyando un proyecto, sino que te est\u00e1s uniendo a un movimiento. Un movimiento que ayudar\u00e1 a:<\/div>\t    <\/div>\n\n\t    \t\t\t\t<\/div>\n\t\t\t\t<\/div>\n\t\t\t\t<div class=\"elementor-element elementor-element-d677cae icon-default elementor-widget elementor-widget-mae-list\" data-id=\"d677cae\" data-element_type=\"widget\" data-widget_type=\"mae-list.default\">\n\t\t\t\t<div class=\"elementor-widget-container\">\n\t\t\t\t\t\n\t\t<div class=\"master-list\">\n\t\t\t\t\t\t\t<div class=\"master-icon-text list-item\">\n\t\t\t        <div class=\"icon-wrap\">\n\t\t\t\t        <i aria-hidden=\"true\" class=\"ci-tick\"><\/i>\t\t\t        <\/div> \n\n\t\t\t        <div class=\"content-wrap\">\n\t\t\t            Crear empleo y estimular la econom\u00eda local\t\t\t        <\/div>\n\t\t\t    <\/div>\n\t\t    \t\t\t\t<div class=\"master-icon-text list-item\">\n\t\t\t        <div class=\"icon-wrap\">\n\t\t\t\t        <i aria-hidden=\"true\" class=\"ci-tick\"><\/i>\t\t\t        <\/div> \n\n\t\t\t        <div class=\"content-wrap\">\n\t\t\t            Promover pr\u00e1cticas agr\u00edcolas sostenibles\t\t\t        <\/div>\n\t\t\t    <\/div>\n\t\t    \t\t\t\t<div class=\"master-icon-text list-item\">\n\t\t\t        <div class=\"icon-wrap\">\n\t\t\t\t        <i aria-hidden=\"true\" class=\"ci-tick\"><\/i>\t\t\t        <\/div> \n\n\t\t\t        <div class=\"content-wrap\">\n\t\t\t            Reducir el impacto ambiental y combatir el cambio clim\u00e1tico\t\t\t        <\/div>\n\t\t\t    <\/div>\n\t\t    \t\t<\/div>\n\t\t\t\t\t<\/div>\n\t\t\t\t<\/div>\n\t\t\t\t<div class=\"elementor-element elementor-element-2d3261a elementor-widget elementor-widget-spacer\" data-id=\"2d3261a\" data-element_type=\"widget\" data-widget_type=\"spacer.default\">\n\t\t\t\t<div class=\"elementor-widget-container\">\n\t\t\t\t\t\t\t<div class=\"elementor-spacer\">\n\t\t\t<div class=\"elementor-spacer-inner\"><\/div>\n\t\t<\/div>\n\t\t\t\t\t\t<\/div>\n\t\t\t\t<\/div>\n\t\t<div class=\"elementor-element elementor-element-63f2ff8 e-grid e-con-boxed e-con e-child\" data-id=\"63f2ff8\" data-element_type=\"container\">\n\t\t\t\t\t<div class=\"e-con-inner\">\n\t\t\t\t<div class=\"elementor-element elementor-element-9df4b03 elementor-widget elementor-widget-image\" data-id=\"9df4b03\" data-element_type=\"widget\" data-widget_type=\"image.default\">\n\t\t\t\t<div class=\"elementor-widget-container\">\n\t\t\t\t\t\t\t\t\t\t\t\t\t\t\t<img fetchpriority=\"high\" decoding=\"async\" width=\"450\" height=\"600\" src=\"https:\/\/globalessencefund.com\/wp-content\/uploads\/2024\/09\/aboutus-pic-1-ESP.png\" class=\"attachment-agrios-post-standard size-agrios-post-standard wp-image-5958\" alt=\"\" srcset=\"https:\/\/globalessencefund.com\/wp-content\/uploads\/2024\/09\/aboutus-pic-1-ESP.png 450w, https:\/\/globalessencefund.com\/wp-content\/uploads\/2024\/09\/aboutus-pic-1-ESP-225x300.png 225w\" sizes=\"(max-width: 450px) 100vw, 450px\" \/>\t\t\t\t\t\t\t\t\t\t\t\t\t\t\t<\/div>\n\t\t\t\t<\/div>\n\t\t\t\t<div class=\"elementor-element elementor-element-3cb8ba2 elementor-widget elementor-widget-text-editor\" data-id=\"3cb8ba2\" data-element_type=\"widget\" data-widget_type=\"text-editor.default\">\n\t\t\t\t<div class=\"elementor-widget-container\">\n\t\t\t\t\t\t\t\t\t<strong>Fase 1<\/strong>\n<ul style=\"margin: 0 20px;\">\n \t<li>Importaci\u00f3n de 5 variedades de semillas de c\u00e1\u00f1amo para estudios<\/li>\n \t<li>Trabajar con socios de investigaci\u00f3n para determinar las mejores semillas para cultivar.<\/li>\n \t<li>Involucrar a los agricultores y educarlos<\/li>\n<\/ul>\n<strong>Fase 2<\/strong>\n<ul style=\"margin: 0 20px;\">\n \t<li>Celebrar acuerdos agr\u00edcolas<\/li>\n \t<li>Plantar semillas y gestionarlas hasta la cosecha.<\/li>\n \t<li>Comprar m\u00e1quina descortezadora y crear fibras de c\u00e1\u00f1amo para materiales de construcci\u00f3n<\/li>\n<\/ul>\n<strong>Fase 3<\/strong>\n<ul style=\"margin: 0 20px;\">\n \t<li>Investigar c\u00f3mo crear el mejor hormig\u00f3n de c\u00e1\u00f1amo<\/li>\n \t<li>Probar el c\u00e1\u00f1amo en aplicaciones de construcci\u00f3n, incluidos ladrillos, yeso y madera.<\/li>\n \t<li>Interact\u00fae con contratistas locales<\/li>\n<\/ul>\t\t\t\t\t\t\t\t<\/div>\n\t\t\t\t<\/div>\n\t\t\t\t\t<\/div>\n\t\t\t\t<\/div>\n\t\t\t\t<div class=\"elementor-element elementor-element-b52f3b2 elementor-widget elementor-widget-spacer\" data-id=\"b52f3b2\" data-element_type=\"widget\" data-widget_type=\"spacer.default\">\n\t\t\t\t<div class=\"elementor-widget-container\">\n\t\t\t\t\t\t\t<div class=\"elementor-spacer\">\n\t\t\t<div class=\"elementor-spacer-inner\"><\/div>\n\t\t<\/div>\n\t\t\t\t\t\t<\/div>\n\t\t\t\t<\/div>\n\t\t\t\t<div class=\"elementor-element elementor-element-e4b6aa3 icon-default elementor-widget elementor-widget-mae-text-box\" data-id=\"e4b6aa3\" data-element_type=\"widget\" data-widget_type=\"mae-text-box.default\">\n\t\t\t\t<div class=\"elementor-widget-container\">\n\t\t\t\t\t\n\t\t<div class=\"master-text-box\">\n\t\t\t<h3 class=\"title\">\n\t\t\t\t\t\t\t\t\t<span class=\"icon-wrap\">\n\t\t\t\t        \t\t\t        <\/span> \n\t\t\t\t\n\t\t\t\t\t\t\t<\/h3>\n\t        \n\t        <div class=\"text\">\u00danete a nosotros ahora! \u2728\n<br \/><br \/>\nEstamos a punto de lograr algo extraordinario y necesitamos visionarios como usted que nos ayuden a dar el salto. Juntos podemos sembrar las semillas del cambio y cultivar un futuro m\u00e1s verde y brillante para Puerto Rico y m\u00e1s all\u00e1.\n<br \/><br \/>\nHaz una donaci\u00f3n hoy y s\u00e9 parte de este viaje transformador. Cada contribuci\u00f3n, grande o peque\u00f1a, nos acerca un paso m\u00e1s a nuestro objetivo. \u00a1Haz clic en el enlace a continuaci\u00f3n para hacer tu donaci\u00f3n y unirte a la revoluci\u00f3n verde!\n<br \/>\nGracias por su generosidad y apoyo. \u00a1Crezcamos juntos hacia un futuro sostenible!\n<br \/>\n<br \/>\nUn cordial saludo,\n<br \/>\n<br \/>\nEl Equipo de Global Essence Fund <\/div>\t    <\/div>\n\n\t    \t\t\t\t<\/div>\n\t\t\t\t<\/div>\n\t\t\t\t<div class=\"elementor-element elementor-element-319433c elementor-widget elementor-widget-spacer\" data-id=\"319433c\" data-element_type=\"widget\" data-widget_type=\"spacer.default\">\n\t\t\t\t<div class=\"elementor-widget-container\">\n\t\t\t\t\t\t\t<div class=\"elementor-spacer\">\n\t\t\t<div class=\"elementor-spacer-inner\"><\/div>\n\t\t<\/div>\n\t\t\t\t\t\t<\/div>\n\t\t\t\t<\/div>\n\t\t\t\t<div class=\"elementor-element elementor-element-dfc7073 elementor-widget elementor-widget-mae-button\" data-id=\"dfc7073\" data-element_type=\"widget\" data-widget_type=\"mae-button.default\">\n\t\t\t\t<div class=\"elementor-widget-container\">\n\t\t\t\t\t\n        \n        <a class=\"master-button btn-accent icon-none medium btn-hover-2\" href=\"https:\/index.php\/es\/unete-a-nosotros\/\" \n            >\n\n            <span class=\"inner\">\n                <span class=\"content-base\">\n                                        <span class=\"text\">Donar Ahora<\/span>\n                                    <\/span>\n\n                <span class=\"content-hover\">\n                                        <span class=\"text\">Donar Ahora<\/span>\n                                    <\/span>\n            <\/span>\n\n            <span class=\"bg-hover\"><\/span>        <\/a>\n\n        \t\t\t\t<\/div>\n\t\t\t\t<\/div>\n\t\t\t\t<\/div>\n\t\t<div class=\"elementor-element elementor-element-7da6c4c e-con-full e-flex e-con e-child\" data-id=\"7da6c4c\" data-element_type=\"container\">\n\t\t\t\t<div class=\"elementor-element elementor-element-8da817b elementor-widget elementor-widget-mae-gallery-grid\" data-id=\"8da817b\" data-element_type=\"widget\" data-widget_type=\"mae-gallery-grid.default\">\n\t\t\t\t<div class=\"elementor-widget-container\">\n\t\t\t\t\t\n        <div class=\"master-portfolio master-galleries\" data-config='{\"columns\":3,\"gapHorizontal\":30,\"gapVertical\":30,\"layoutMode\":\"grid\"}'>\n            <div class=\"galleries cbp\">\n                                    <div class=\"master-gallery cbp-item\">\n                        <div class=\"thumb\">\n                            <a class=\"zoom-popup-mfp\" href=\"https:\/wordpress\/wp-content\/uploads\/2024\/06\/donations-2.jpg\"><\/a>\n                            <img decoding=\"async\" width=\"1920\" height=\"1080\" src=\"https:\/\/globalessencefund.com\/wp-content\/uploads\/2024\/06\/donations-2.jpg\" class=\"attachment-full size-full wp-image-4195\" alt=\"\" srcset=\"https:\/\/globalessencefund.com\/wp-content\/uploads\/2024\/06\/donations-2.jpg 1920w, https:\/\/globalessencefund.com\/wp-content\/uploads\/2024\/06\/donations-2-300x169.jpg 300w, https:\/\/globalessencefund.com\/wp-content\/uploads\/2024\/06\/donations-2-1024x576.jpg 1024w, https:\/\/globalessencefund.com\/wp-content\/uploads\/2024\/06\/donations-2-768x432.jpg 768w, https:\/\/globalessencefund.com\/wp-content\/uploads\/2024\/06\/donations-2-1536x864.jpg 1536w\" sizes=\"(max-width: 1920px) 100vw, 1920px\" \/>                        <\/div>\n                    <\/div>\n                                    <div class=\"master-gallery cbp-item\">\n                        <div class=\"thumb\">\n                            <a class=\"zoom-popup-mfp\" href=\"https:\/wordpress\/wp-content\/uploads\/2024\/06\/donations-1.jpg\"><\/a>\n                            <img decoding=\"async\" width=\"1920\" height=\"1080\" src=\"https:\/\/globalessencefund.com\/wp-content\/uploads\/2024\/06\/donations-1.jpg\" class=\"attachment-full size-full wp-image-4194\" alt=\"\" srcset=\"https:\/\/globalessencefund.com\/wp-content\/uploads\/2024\/06\/donations-1.jpg 1920w, https:\/\/globalessencefund.com\/wp-content\/uploads\/2024\/06\/donations-1-300x169.jpg 300w, https:\/\/globalessencefund.com\/wp-content\/uploads\/2024\/06\/donations-1-1024x576.jpg 1024w, https:\/\/globalessencefund.com\/wp-content\/uploads\/2024\/06\/donations-1-768x432.jpg 768w, https:\/\/globalessencefund.com\/wp-content\/uploads\/2024\/06\/donations-1-1536x864.jpg 1536w\" sizes=\"(max-width: 1920px) 100vw, 1920px\" \/>                        <\/div>\n                    <\/div>\n                                    <div class=\"master-gallery cbp-item\">\n                        <div class=\"thumb\">\n                            <a class=\"zoom-popup-mfp\" href=\"https:\/wordpress\/wp-content\/uploads\/2024\/06\/hemp-field-mountains.jpg\"><\/a>\n                            <img loading=\"lazy\" decoding=\"async\" width=\"1024\" height=\"768\" src=\"https:\/\/globalessencefund.com\/wp-content\/uploads\/2024\/06\/hemp-field-mountains-1024x768.jpg\" class=\"attachment-large size-large wp-image-5230\" alt=\"\" srcset=\"https:\/\/globalessencefund.com\/wp-content\/uploads\/2024\/06\/hemp-field-mountains-1024x768.jpg 1024w, https:\/\/globalessencefund.com\/wp-content\/uploads\/2024\/06\/hemp-field-mountains-300x225.jpg 300w, https:\/\/globalessencefund.com\/wp-content\/uploads\/2024\/06\/hemp-field-mountains-768x576.jpg 768w, https:\/\/globalessencefund.com\/wp-content\/uploads\/2024\/06\/hemp-field-mountains.jpg 1280w\" sizes=\"(max-width: 1024px) 100vw, 1024px\" \/>                        <\/div>\n                    <\/div>\n                            <\/div><!-- galleries -->\n        <\/div><!-- master-portfolio -->\n    \t\t\t\t<\/div>\n\t\t\t\t<\/div>\n\t\t\t\t<\/div>\n\t\t\t\t\t<\/div>\n\t\t\t\t<\/div>\n\t\t\t\t<\/div>\n\t\t\n    <div class=\"xs_social_share_widget xs_share_url after_content \t\tmain_content  wslu-style-1 wslu-share-box-shaped wslu-fill-colored wslu-none wslu-share-horizontal wslu-theme-font-no wslu-main_content\">\n\n\t\t\n        <ul>\n\t\t\t        <\/ul>\n    <\/div> \n","protected":false},"excerpt":{"rendered":"<p>\u00danete Ayudando a nuestros agricultores y econom\u00eda a prosperar \u00a1Podemos hacer que el c\u00e1\u00f1amo industrial se haga realidad en los campos de Puerto Rico! Imagina un futuro en el que la agricultura sostenible no solo revitaliza nuestro medio ambiente, sino que tambi\u00e9n empodera a las comunidades locales. Este futuro est\u00e1<\/p>\n","protected":false},"author":1,"featured_media":0,"parent":0,"menu_order":0,"comment_status":"closed","ping_status":"closed","template":"","meta":{"inline_featured_image":false,"footnotes":""},"class_list":["post-5887","page","type-page","status-publish","hentry"],"_links":{"self":[{"href":"https:\/\/globalessencefund.com\/index.php\/wp-json\/wp\/v2\/pages\/5887","targetHints":{"allow":["GET"]}}],"collection":[{"href":"https:\/\/globalessencefund.com\/index.php\/wp-json\/wp\/v2\/pages"}],"about":[{"href":"https:\/\/globalessencefund.com\/index.php\/wp-json\/wp\/v2\/types\/page"}],"author":[{"embeddable":true,"href":"https:\/\/globalessencefund.com\/index.php\/wp-json\/wp\/v2\/users\/1"}],"replies":[{"embeddable":true,"href":"https:\/\/globalessencefund.com\/index.php\/wp-json\/wp\/v2\/comments?post=5887"}],"version-history":[{"count":19,"href":"https:\/\/globalessencefund.com\/index.php\/wp-json\/wp\/v2\/pages\/5887\/revisions"}],"predecessor-version":[{"id":6282,"href":"https:\/\/globalessencefund.com\/index.php\/wp-json\/wp\/v2\/pages\/5887\/revisions\/6282"}],"wp:attachment":[{"href":"https:\/\/globalessencefund.com\/index.php\/wp-json\/wp\/v2\/media?parent=5887"}],"curies":[{"name":"wp","href":"https:\/\/api.w.org\/{rel}","templated":true}]}}