{"id":5832,"date":"2024-08-12T02:08:34","date_gmt":"2024-08-12T02:08:34","guid":{"rendered":"http:\/\/stg.einscompany.com\/globalessencefund.com\/wordpress\/?page_id=5832"},"modified":"2024-08-12T02:17:07","modified_gmt":"2024-08-12T02:17:07","slug":"por-que-fibra-de-canamo","status":"publish","type":"page","link":"https:\/\/globalessencefund.com\/index.php\/es\/por-que-fibra-de-canamo\/","title":{"rendered":"\u00bfPor qu\u00e9 Fibra de C\u00e1\u00f1amo?"},"content":{"rendered":"\t\t<div data-elementor-type=\"wp-page\" data-elementor-id=\"5832\" class=\"elementor elementor-5832\">\n\t\t\t\t<div class=\"elementor-element elementor-element-c72063a e-flex e-con-boxed e-con e-parent\" data-id=\"c72063a\" data-element_type=\"container\">\n\t\t\t\t\t<div class=\"e-con-inner\">\n\t\t<div class=\"elementor-element elementor-element-f473bf7 e-con-full e-flex e-con e-child\" data-id=\"f473bf7\" data-element_type=\"container\">\n\t\t\t\t<div class=\"elementor-element elementor-element-4a88b64 heading-default elementor-widget elementor-widget-mae-headings\" data-id=\"4a88b64\" data-element_type=\"widget\" data-widget_type=\"mae-headings.default\">\n\t\t\t\t<div class=\"elementor-widget-container\">\n\t\t\t\t\t\t\t<div class=\"master-heading sep-none\">\n\t\t\t\t        \t        \t<div class=\"pre-heading\"><span class=\"line\"><span class=\"inner\"><\/span><\/span>Historia de la planta de c\u00e1\u00f1amo<\/div>\n\t        \n\t        \n\t        \n\t        \n\t        \t    <\/div>\n\t    \t\t\t\t<\/div>\n\t\t\t\t<\/div>\n\t\t\t\t<div class=\"elementor-element elementor-element-5ba6e5b elementor-widget elementor-widget-text-editor\" data-id=\"5ba6e5b\" data-element_type=\"widget\" data-widget_type=\"text-editor.default\">\n\t\t\t\t<div class=\"elementor-widget-container\">\n\t\t\t\t\t\t\t\t\tEl c\u00e1\u00f1amo tiene una rica historia y fue una de las primeras plantas cultivadas, con ra\u00edces que se remontan a hace 6000 a\u00f1os en la antigua Mesopotamia y China. Esta planta vers\u00e1til encontr\u00f3 diversos usos, desde textiles hasta alimentos y medicinas. A continuaci\u00f3n, encontrar\u00e1 algunas referencias importantes sobre la historia de la planta de c\u00e1\u00f1amo:\n\n<ul>\n \t<li><strong>6,000 AC: <\/strong>El c\u00e1\u00f1amo es una de las primeras plantas cultivadas para fabricaci\u00f3n de textiles en la antigua Mesopotamia.<\/li>\n \t<li><strong>2,700 AC: <\/strong>Los chinos comenzaron a utilizar el c\u00e1\u00f1amo para fabricar textiles, papel y medicinas.<\/li>\n \t<li><strong>1,500 AC:<\/strong> El cultivo del c\u00e1\u00f1amo se extiende al subcontinente indio.<\/li>\n \t<li><strong>500 AC:<\/strong> El cultivo de c\u00e1\u00f1amo se est\u00e1 generalizando en Europa.<\/li>\n \t<li><strong>Siglo XV: <\/strong>En los barcos de Crist\u00f3bal Col\u00f3n se utilizan velas y cuerdas de c\u00e1\u00f1amo.<\/li>\n \t<li><strong>Siglo XVII: <\/strong>Se fomenta el cultivo de c\u00e1\u00f1amo en las colonias americanas.<\/li>\n \t<li><strong>Siglo XVIII:<\/strong> La Declaraci\u00f3n de Independencia est\u00e1 redactada en papel de c\u00e1\u00f1amo.<\/li>\n \t<li><strong>Siglo XX:<\/strong> El c\u00e1\u00f1amo enfrenta restricciones y regulaciones en los Estados Unidos y otros pa\u00edses.<\/li>\n \t<li><strong>1937 DC: <\/strong>La Ley de Impuesto a la Marihuana de Estados Unidos restringe toda la producci\u00f3n de c\u00e1\u00f1amo.<\/li>\n \t<li><strong>2016 DC: <\/strong>La Ley Agr\u00edcola de Estados Unidos legaliza el cultivo de c\u00e1\u00f1amo, diferenci\u00e1ndolo de la marihuana con el THC.<\/li>\n<\/ul>\t\t\t\t\t\t\t\t<\/div>\n\t\t\t\t<\/div>\n\t\t\t\t<\/div>\n\t\t<div class=\"elementor-element elementor-element-2fdf2a7 e-con-full e-flex e-con e-child\" data-id=\"2fdf2a7\" data-element_type=\"container\">\n\t\t\t\t<div class=\"elementor-element elementor-element-460f18f elementor-widget elementor-widget-mae-fancy-image\" data-id=\"460f18f\" data-element_type=\"widget\" data-widget_type=\"mae-fancy-image.default\">\n\t\t\t\t<div class=\"elementor-widget-container\">\n\t\t\t\t\t\t\t\t<div class=\"master-fancy-image\">\n\t\t\t\t<div class=\"image-wrap\">\n\t\t\t\t\t<img fetchpriority=\"high\" decoding=\"async\" width=\"960\" height=\"1280\" src=\"https:\/\/globalessencefund.com\/wp-content\/uploads\/2024\/06\/Hemp-making-Vietnam-today.jpg\" class=\"attachment-full size-full\" alt=\"\" srcset=\"https:\/\/globalessencefund.com\/wp-content\/uploads\/2024\/06\/Hemp-making-Vietnam-today.jpg 960w, https:\/\/globalessencefund.com\/wp-content\/uploads\/2024\/06\/Hemp-making-Vietnam-today-225x300.jpg 225w, https:\/\/globalessencefund.com\/wp-content\/uploads\/2024\/06\/Hemp-making-Vietnam-today-768x1024.jpg 768w\" sizes=\"(max-width: 960px) 100vw, 960px\" \/>\n\t\t\t\t\t\t\t\t\t<\/div>\n\t\t\t<\/div>\n\t\t\t\t\t\t<\/div>\n\t\t\t\t<\/div>\n\t\t\t\t<div class=\"elementor-element elementor-element-d04939f elementor-widget elementor-widget-text-editor\" data-id=\"d04939f\" data-element_type=\"widget\" data-widget_type=\"text-editor.default\">\n\t\t\t\t<div class=\"elementor-widget-container\">\n\t\t\t\t\t\t\t\t\tUna tradici\u00f3n ancestral del tejido de fibras que todav\u00eda se practica en Vietnam\t\t\t\t\t\t\t\t<\/div>\n\t\t\t\t<\/div>\n\t\t\t\t<\/div>\n\t\t\t\t\t<\/div>\n\t\t\t\t<\/div>\n\t\t<div class=\"elementor-element elementor-element-42ac4ed e-flex e-con-boxed e-con e-parent\" data-id=\"42ac4ed\" data-element_type=\"container\">\n\t\t\t\t\t<div class=\"e-con-inner\">\n\t\t\t\t<div class=\"elementor-element elementor-element-f9e53e8 heading-default elementor-widget elementor-widget-mae-headings\" data-id=\"f9e53e8\" data-element_type=\"widget\" data-widget_type=\"mae-headings.default\">\n\t\t\t\t<div class=\"elementor-widget-container\">\n\t\t\t\t\t\t\t<div class=\"master-heading sep-none\">\n\t\t\t\t        \t        \t<div class=\"pre-heading\"><span class=\"line\"><span class=\"inner\"><\/span><\/span>\u00bfPor qu\u00e9 Fibra de C\u00e1\u00f1amo?<\/div>\n\t        \n\t        \n\t        \n\t        \n\t        \t    <\/div>\n\t    \t\t\t\t<\/div>\n\t\t\t\t<\/div>\n\t\t\t\t<div class=\"elementor-element elementor-element-8f0b8ac icon-default elementor-widget elementor-widget-mae-text-box\" data-id=\"8f0b8ac\" data-element_type=\"widget\" data-widget_type=\"mae-text-box.default\">\n\t\t\t\t<div class=\"elementor-widget-container\">\n\t\t\t\t\t\n\t\t<div class=\"master-text-box\">\n\t\t\t<h3 class=\"title\">\n\t\t\t\t\t\t\t\t\t<span class=\"icon-wrap\">\n\t\t\t\t        <i aria-hidden=\"true\" class=\"ci-tick\"><\/i>\t\t\t        <\/span> \n\t\t\t\t\n\t\t\t\tViva m\u00e1s Verde y Saludable\t\t\t<\/h3>\n\t        \n\t        \t    <\/div>\n\n\t    \t\t\t\t<\/div>\n\t\t\t\t<\/div>\n\t\t\t\t<div class=\"elementor-element elementor-element-af267fd elementor-widget elementor-widget-spacer\" data-id=\"af267fd\" data-element_type=\"widget\" data-widget_type=\"spacer.default\">\n\t\t\t\t<div class=\"elementor-widget-container\">\n\t\t\t\t\t\t\t<div class=\"elementor-spacer\">\n\t\t\t<div class=\"elementor-spacer-inner\"><\/div>\n\t\t<\/div>\n\t\t\t\t\t\t<\/div>\n\t\t\t\t<\/div>\n\t\t\t\t<div class=\"elementor-element elementor-element-edce069 elementor-widget elementor-widget-mae-gallery-grid\" data-id=\"edce069\" data-element_type=\"widget\" data-widget_type=\"mae-gallery-grid.default\">\n\t\t\t\t<div class=\"elementor-widget-container\">\n\t\t\t\t\t\n        <div class=\"master-portfolio master-galleries\" data-config='{\"columns\":3,\"gapHorizontal\":30,\"gapVertical\":30,\"layoutMode\":\"grid\"}'>\n            <div class=\"galleries cbp\">\n                                    <div class=\"master-gallery cbp-item\">\n                        <div class=\"thumb\">\n                            <a class=\"zoom-popup-mfp\" href=\"https:\/wordpress\/wp-content\/uploads\/2024\/06\/why-hemp-slide-1.jpg\"><\/a>\n                            <img decoding=\"async\" width=\"1024\" height=\"576\" src=\"https:\/\/globalessencefund.com\/wp-content\/uploads\/2024\/06\/why-hemp-slide-1-1024x576.jpg\" class=\"attachment-large size-large wp-image-3596\" alt=\"\" srcset=\"https:\/\/globalessencefund.com\/wp-content\/uploads\/2024\/06\/why-hemp-slide-1-1024x576.jpg 1024w, https:\/\/globalessencefund.com\/wp-content\/uploads\/2024\/06\/why-hemp-slide-1-300x169.jpg 300w, https:\/\/globalessencefund.com\/wp-content\/uploads\/2024\/06\/why-hemp-slide-1-768x432.jpg 768w, https:\/\/globalessencefund.com\/wp-content\/uploads\/2024\/06\/why-hemp-slide-1-1536x864.jpg 1536w, https:\/\/globalessencefund.com\/wp-content\/uploads\/2024\/06\/why-hemp-slide-1.jpg 1920w\" sizes=\"(max-width: 1024px) 100vw, 1024px\" \/>                        <\/div>\n                    <\/div>\n                                    <div class=\"master-gallery cbp-item\">\n                        <div class=\"thumb\">\n                            <a class=\"zoom-popup-mfp\" href=\"https:\/wordpress\/wp-content\/uploads\/2024\/06\/why-hemp-slide-2.jpg\"><\/a>\n                            <img decoding=\"async\" width=\"1024\" height=\"576\" src=\"https:\/\/globalessencefund.com\/wp-content\/uploads\/2024\/06\/why-hemp-slide-2-1024x576.jpg\" class=\"attachment-large size-large wp-image-3597\" alt=\"\" srcset=\"https:\/\/globalessencefund.com\/wp-content\/uploads\/2024\/06\/why-hemp-slide-2-1024x576.jpg 1024w, https:\/\/globalessencefund.com\/wp-content\/uploads\/2024\/06\/why-hemp-slide-2-300x169.jpg 300w, https:\/\/globalessencefund.com\/wp-content\/uploads\/2024\/06\/why-hemp-slide-2-768x432.jpg 768w, https:\/\/globalessencefund.com\/wp-content\/uploads\/2024\/06\/why-hemp-slide-2-1536x864.jpg 1536w, https:\/\/globalessencefund.com\/wp-content\/uploads\/2024\/06\/why-hemp-slide-2.jpg 1920w\" sizes=\"(max-width: 1024px) 100vw, 1024px\" \/>                        <\/div>\n                    <\/div>\n                                    <div class=\"master-gallery cbp-item\">\n                        <div class=\"thumb\">\n                            <a class=\"zoom-popup-mfp\" href=\"https:\/wordpress\/wp-content\/uploads\/2024\/06\/why-hemp-slide-3.jpg\"><\/a>\n                            <img loading=\"lazy\" decoding=\"async\" width=\"1024\" height=\"576\" src=\"https:\/\/globalessencefund.com\/wp-content\/uploads\/2024\/06\/why-hemp-slide-3-1024x576.jpg\" class=\"attachment-large size-large wp-image-3598\" alt=\"\" srcset=\"https:\/\/globalessencefund.com\/wp-content\/uploads\/2024\/06\/why-hemp-slide-3-1024x576.jpg 1024w, https:\/\/globalessencefund.com\/wp-content\/uploads\/2024\/06\/why-hemp-slide-3-300x169.jpg 300w, https:\/\/globalessencefund.com\/wp-content\/uploads\/2024\/06\/why-hemp-slide-3-768x432.jpg 768w, https:\/\/globalessencefund.com\/wp-content\/uploads\/2024\/06\/why-hemp-slide-3-1536x864.jpg 1536w, https:\/\/globalessencefund.com\/wp-content\/uploads\/2024\/06\/why-hemp-slide-3.jpg 1920w\" sizes=\"(max-width: 1024px) 100vw, 1024px\" \/>                        <\/div>\n                    <\/div>\n                            <\/div><!-- galleries -->\n        <\/div><!-- master-portfolio -->\n    \t\t\t\t<\/div>\n\t\t\t\t<\/div>\n\t\t\t\t<div class=\"elementor-element elementor-element-8e9271f elementor-widget elementor-widget-spacer\" data-id=\"8e9271f\" data-element_type=\"widget\" data-widget_type=\"spacer.default\">\n\t\t\t\t<div class=\"elementor-widget-container\">\n\t\t\t\t\t\t\t<div class=\"elementor-spacer\">\n\t\t\t<div class=\"elementor-spacer-inner\"><\/div>\n\t\t<\/div>\n\t\t\t\t\t\t<\/div>\n\t\t\t\t<\/div>\n\t\t\t\t\t<\/div>\n\t\t\t\t<\/div>\n\t\t<div class=\"elementor-element elementor-element-272308c e-flex e-con-boxed e-con e-parent\" data-id=\"272308c\" data-element_type=\"container\">\n\t\t\t\t\t<div class=\"e-con-inner\">\n\t\t\t\t<div class=\"elementor-element elementor-element-d5d57c5 heading-default elementor-widget elementor-widget-mae-headings\" data-id=\"d5d57c5\" data-element_type=\"widget\" data-widget_type=\"mae-headings.default\">\n\t\t\t\t<div class=\"elementor-widget-container\">\n\t\t\t\t\t\t\t<div class=\"master-heading sep-none\">\n\t\t\t\t        \t        \t<div class=\"pre-heading\"><span class=\"line\"><span class=\"inner\"><\/span><\/span>Tenga en cuenta<\/div>\n\t        \n\t        \n\t        \t        <h2 class=\"main-heading\">La Diferencia<\/h2>\n\t        \n\t        \n\t        \t    <\/div>\n\t    \t\t\t\t<\/div>\n\t\t\t\t<\/div>\n\t\t\t\t<div class=\"elementor-element elementor-element-01b6d93 elementor-widget elementor-widget-text-editor\" data-id=\"01b6d93\" data-element_type=\"widget\" data-widget_type=\"text-editor.default\">\n\t\t\t\t<div class=\"elementor-widget-container\">\n\t\t\t\t\t\t\t\t\t<p>Las plantas de fibra de c\u00e1\u00f1amo y las plantas de c\u00e1\u00f1amo ornamentales difieren significativamente en varios aspectos de su crecimiento, uso y caracter\u00edsticas. Las plantas de fibra de c\u00e1\u00f1amo son m\u00e1s altas, con una altura de 6 a 8 pies en la madurez y tienen un per\u00edodo de crecimiento de 12 a 14 semanas.<\/p><p>Producen una cantidad sustancial de semillas en sus flores, cultivadas principalmente por su producci\u00f3n de fibra, con un rendimiento de alrededor de 3 a 4 toneladas de fibra por acre y 500 libras de grano.<\/p><p>Por el contrario, las plantas de c\u00e1\u00f1amo ornamental son m\u00e1s cortas, alcanzando de 4 a 6 pies en la madurez, y tienen un per\u00edodo de crecimiento ligeramente m\u00e1s corto de 10 a 14 semanas. Por lo general, son feminizadas, contienen pocas o ninguna semilla, y se cultivan principalmente por su mayor rendimiento de aceite, con 1 litro de aceite extra\u00eddo de cada 2500 libras de biomasa. El c\u00e1\u00f1amo ornamental produce un promedio de 8000 libras de biomasa por acre. La diferencia hace que cada tipo de c\u00e1\u00f1amo sea adecuado para distintos prop\u00f3sitos y condiciones de cultivo apropiadas.<\/p>\t\t\t\t\t\t\t\t<\/div>\n\t\t\t\t<\/div>\n\t\t\t\t<div class=\"elementor-element elementor-element-fe76d2d elementor-widget elementor-widget-spacer\" data-id=\"fe76d2d\" data-element_type=\"widget\" data-widget_type=\"spacer.default\">\n\t\t\t\t<div class=\"elementor-widget-container\">\n\t\t\t\t\t\t\t<div class=\"elementor-spacer\">\n\t\t\t<div class=\"elementor-spacer-inner\"><\/div>\n\t\t<\/div>\n\t\t\t\t\t\t<\/div>\n\t\t\t\t<\/div>\n\t\t\t\t<div class=\"elementor-element elementor-element-339daa9 align-center elementor-widget elementor-widget-mae-fancy-image\" data-id=\"339daa9\" data-element_type=\"widget\" data-widget_type=\"mae-fancy-image.default\">\n\t\t\t\t<div class=\"elementor-widget-container\">\n\t\t\t\t\t\t\t\t<div class=\"master-fancy-image\">\n\t\t\t\t<div class=\"image-wrap\">\n\t\t\t\t\t<img loading=\"lazy\" decoding=\"async\" width=\"1920\" height=\"1280\" src=\"https:\/\/globalessencefund.com\/wp-content\/uploads\/2024\/06\/hemp-vs-marihuana.jpg\" class=\"attachment-full size-full\" alt=\"\" srcset=\"https:\/\/globalessencefund.com\/wp-content\/uploads\/2024\/06\/hemp-vs-marihuana.jpg 1920w, https:\/\/globalessencefund.com\/wp-content\/uploads\/2024\/06\/hemp-vs-marihuana-300x200.jpg 300w, https:\/\/globalessencefund.com\/wp-content\/uploads\/2024\/06\/hemp-vs-marihuana-1024x683.jpg 1024w, https:\/\/globalessencefund.com\/wp-content\/uploads\/2024\/06\/hemp-vs-marihuana-768x512.jpg 768w, https:\/\/globalessencefund.com\/wp-content\/uploads\/2024\/06\/hemp-vs-marihuana-1536x1024.jpg 1536w\" sizes=\"(max-width: 1920px) 100vw, 1920px\" \/>\n\t\t\t\t\t\t\t\t\t<\/div>\n\t\t\t<\/div>\n\t\t\t\t\t\t<\/div>\n\t\t\t\t<\/div>\n\t\t\t\t<div class=\"elementor-element elementor-element-e94749e elementor-widget elementor-widget-spacer\" data-id=\"e94749e\" data-element_type=\"widget\" data-widget_type=\"spacer.default\">\n\t\t\t\t<div class=\"elementor-widget-container\">\n\t\t\t\t\t\t\t<div class=\"elementor-spacer\">\n\t\t\t<div class=\"elementor-spacer-inner\"><\/div>\n\t\t<\/div>\n\t\t\t\t\t\t<\/div>\n\t\t\t\t<\/div>\n\t\t\t\t\t<\/div>\n\t\t\t\t<\/div>\n\t\t\t\t<\/div>\n\t\t\n    <div class=\"xs_social_share_widget xs_share_url after_content \t\tmain_content  wslu-style-1 wslu-share-box-shaped wslu-fill-colored wslu-none wslu-share-horizontal wslu-theme-font-no wslu-main_content\">\n\n\t\t\n        <ul>\n\t\t\t        <\/ul>\n    <\/div> \n","protected":false},"excerpt":{"rendered":"<p>Historia de la planta de c\u00e1\u00f1amo El c\u00e1\u00f1amo tiene una rica historia y fue una de las primeras plantas cultivadas, con ra\u00edces que se remontan a hace 6000 a\u00f1os en la antigua Mesopotamia y China. Esta planta vers\u00e1til encontr\u00f3 diversos usos, desde textiles hasta alimentos y medicinas. A continuaci\u00f3n, encontrar\u00e1<\/p>\n","protected":false},"author":1,"featured_media":0,"parent":0,"menu_order":0,"comment_status":"closed","ping_status":"closed","template":"","meta":{"inline_featured_image":false,"footnotes":""},"class_list":["post-5832","page","type-page","status-publish","hentry"],"_links":{"self":[{"href":"https:\/\/globalessencefund.com\/index.php\/wp-json\/wp\/v2\/pages\/5832","targetHints":{"allow":["GET"]}}],"collection":[{"href":"https:\/\/globalessencefund.com\/index.php\/wp-json\/wp\/v2\/pages"}],"about":[{"href":"https:\/\/globalessencefund.com\/index.php\/wp-json\/wp\/v2\/types\/page"}],"author":[{"embeddable":true,"href":"https:\/\/globalessencefund.com\/index.php\/wp-json\/wp\/v2\/users\/1"}],"replies":[{"embeddable":true,"href":"https:\/\/globalessencefund.com\/index.php\/wp-json\/wp\/v2\/comments?post=5832"}],"version-history":[{"count":4,"href":"https:\/\/globalessencefund.com\/index.php\/wp-json\/wp\/v2\/pages\/5832\/revisions"}],"predecessor-version":[{"id":5836,"href":"https:\/\/globalessencefund.com\/index.php\/wp-json\/wp\/v2\/pages\/5832\/revisions\/5836"}],"wp:attachment":[{"href":"https:\/\/globalessencefund.com\/index.php\/wp-json\/wp\/v2\/media?parent=5832"}],"curies":[{"name":"wp","href":"https:\/\/api.w.org\/{rel}","templated":true}]}}